{"id":72,"date":"2022-03-11T17:55:36","date_gmt":"2022-03-11T16:55:36","guid":{"rendered":"https:\/\/mc-genuineparts.de\/index.php\/versand__lieferung\/"},"modified":"2022-04-11T12:39:58","modified_gmt":"2022-04-11T10:39:58","slug":"versand__lieferung","status":"publish","type":"page","link":"https:\/\/mc-genuineparts.de\/?page_id=72","title":{"rendered":"Versand &#038; Lieferung"},"content":{"rendered":"<p align=\"JUSTIFY\"><span style=\"font-family: Times New Roman, serif;\"><span style=\"font-size: medium;\"><u><b>Lieferungen, Versandkosten sowie Gefahren\u00fcbergang<\/b><\/u><\/span><\/span><\/p>\n<ol>\n<li>\n<p align=\"JUSTIFY\"><span style=\"font-family: Times New Roman, serif;\"><span style=\"font-size: medium;\">Soweit eine Lieferung (Auslieferung an das Versandunternehmen) zwischen Verk\u00e4ufer und K\u00e4ufer vereinbart wurde, erfolgt diese unverz\u00fcglich nach Geldeingang. Die Versand- sowie Verpackungskosten und den Liefertermin entnehmen Sie bitte der jeweiligen Artikelbeschreibung. Dort werden f\u00fcr die jeweiligen L\u00e4nder, in die die entsprechenden Artikel versendet werden, die Versand- und Verpackungskosten genauestens als Gesamtsumme angezeigt. <\/span><\/span><\/p>\n<\/li>\n<li>\n<p align=\"JUSTIFY\"><span style=\"font-family: Times New Roman, serif;\"><span style=\"font-size: medium;\">Ist der K\u00e4ufer Verbraucher im Sinne des \u00a7 13 BGB, geht die Gefahr des zuf\u00e4lligen Untergangs und der zuf\u00e4lligen Verschlechterung der verkauften Ware grunds\u00e4tzlich erst mit \u00dcbergabe der Ware an den Kunden oder eine empfangsberechtigte Person \u00fcber. Wenn der Kunde den Spediteur oder die sonst zur Ausf\u00fchrung der Versendung bestimmte Person oder Anstalt mit der Ausf\u00fchrung beauftragt und der Verk\u00e4ufer dem Kunden diese Person oder Anstalt zuvor nicht benannt hat, geht die Gefahr des zuf\u00e4lligen Untergangs und der zuf\u00e4lligen Verschlechterung der verkauften Ware auch bei Verbrauchern bereits auf den Kunden \u00fcber, sobald der Verk\u00e4ufer die Sache dem Spediteur oder der sonst zur Ausf\u00fchrung der Versendung bestimmten Person oder Anstalt ausgeliefert hat<\/span><\/span><\/p>\n<\/li>\n<\/ol>\n<ol start=\"3\">\n<li>\n<p align=\"JUSTIFY\"><span style=\"font-family: Times New Roman, serif;\"><span style=\"font-size: medium;\">Ist der K\u00e4ufer hingegen Unternehmer, geht die Gefahr auf den K\u00e4ufer \u00fcber, sobald der Verk\u00e4ufer die Sache dem Spediteur, oder der sonst zur Ausf\u00fchrung der Versendung bestimmten Personen oder Anstalt ausgeliefert hat. <\/span><\/span><\/p>\n<\/li>\n<\/ol>\n<ol start=\"4\">\n<li>\n<p align=\"JUSTIFY\"><span style=\"font-family: Times New Roman, serif;\"><span style=\"font-size: medium;\">Die Lieferungs- und Zahlungsbedingungen des Verk\u00e4ufers sind im Bestellformular n\u00e4her ausgewiesen. <\/span><\/span><span style=\"font-family: Times New Roman, serif;\"><span style=\"font-size: medium;\">Den Liefertermin entnehmen Sie bitte der jeweiligen Artikelbeschreibung.<\/span><\/span><\/p>\n<\/li>\n<\/ol>\n<ol start=\"5\">\n<li>\n<p align=\"JUSTIFY\"><span style=\"font-family: Times New Roman, serif;\"><span style=\"font-size: medium;\">Auf der letzten Bestellseite vor Abgabe Ihres <\/span><\/span><span style=\"color: #000000;\"><span style=\"font-family: Times New Roman, serif;\"><span style=\"font-size: medium;\">Angebotes <\/span><\/span><\/span><span style=\"font-family: Times New Roman, serif;\"><span style=\"font-size: medium;\">erhalten Sie nochmals eine Gesamt\u00fcbersicht \u00fcber die wesentlichen Merkmale der Ware, den Gesamtpreis der Ware, sowie aller damit verbundenen Bestandteile wie Versand- und Verpackungskosten. <\/span><\/span><\/p>\n<\/li>\n<\/ol>\n","protected":false},"excerpt":{"rendered":"<p>Lieferungen, Versandkosten sowie Gefahren\u00fcbergang Soweit eine Lieferung (Auslieferung an das Versandunternehmen) zwischen Verk\u00e4ufer und K\u00e4ufer vereinbart wurde, erfolgt diese unverz\u00fcglich nach Geldeingang. Die Versand- sowie Verpackungskosten und den Liefertermin entnehmen<\/p>\n","protected":false},"author":1,"featured_media":0,"parent":0,"menu_order":0,"comment_status":"closed","ping_status":"closed","template":"","meta":{"footnotes":""},"class_list":{"1":"page","2":"type-page","3":"status-publish","4":"hentry"},"jetpack_sharing_enabled":true,"_links":{"self":[{"href":"https:\/\/mc-genuineparts.de\/index.php?rest_route=\/wp\/v2\/pages\/72","targetHints":{"allow":["GET"]}}],"collection":[{"href":"https:\/\/mc-genuineparts.de\/index.php?rest_route=\/wp\/v2\/pages"}],"about":[{"href":"https:\/\/mc-genuineparts.de\/index.php?rest_route=\/wp\/v2\/types\/page"}],"author":[{"embeddable":true,"href":"https:\/\/mc-genuineparts.de\/index.php?rest_route=\/wp\/v2\/users\/1"}],"replies":[{"embeddable":true,"href":"https:\/\/mc-genuineparts.de\/index.php?rest_route=%2Fwp%2Fv2%2Fcomments&post=72"}],"version-history":[{"count":0,"href":"https:\/\/mc-genuineparts.de\/index.php?rest_route=\/wp\/v2\/pages\/72\/revisions"}],"wp:attachment":[{"href":"https:\/\/mc-genuineparts.de\/index.php?rest_route=%2Fwp%2Fv2%2Fmedia&parent=72"}],"curies":[{"name":"wp","href":"https:\/\/api.w.org\/{rel}","templated":true}]}}