{"id":107011,"date":"2022-12-09T10:26:56","date_gmt":"2022-12-09T09:26:56","guid":{"rendered":"https:\/\/mc-genuineparts.de\/?post_type=product&#038;p=107011"},"modified":"2024-02-20T10:23:53","modified_gmt":"2024-02-20T09:23:53","slug":"harley-heckfender-fuer-sportster-komplett-inkl-sissybar-gepaecktraeger","status":"publish","type":"product","link":"https:\/\/mc-genuineparts.de\/?product=harley-heckfender-fuer-sportster-komplett-inkl-sissybar-gepaecktraeger","title":{"rendered":"Heckfender f\u00fcr Harley Sportster komplett inkl. Sissybar + Gep\u00e4cktr\u00e4ger"},"content":{"rendered":"<p>Heckfender f\u00fcr Harley Sportster komplett inkl. Sissybar + Gep\u00e4cktr\u00e4ger<\/p>\n<p>Dieser Heckfender ist passend an alle Sportster Modelle ab Baujahr 1983 &#8211; 2003.<br \/>\nDer Gep\u00e4cktr\u00e4ger ist Original H-D.<br \/>\nDer Fender ist gebraucht mit Gebrauchsspuren, er hat Kratzer und Lacksch\u00e4den.<br \/>\nDie Halterung der Sissybar hat Korrosionen.<br \/>\nDer Gep\u00e4cktr\u00e4ger ist in Ordnung, siehe Fotos.<\/p>\n","protected":false},"excerpt":{"rendered":"<p>Heckfender f\u00fcr Harley Sportster komplett inkl. Sissybar + Gep\u00e4cktr\u00e4ger<\/p>\n","protected":false},"featured_media":107040,"template":"","meta":[],"product_brand":[],"product_cat":[939,994],"product_tag":[128,196,65,153,185,83],"class_list":{"0":"post-107011","1":"product","2":"type-product","3":"status-publish","6":"product_cat-sportster-1983-2003","7":"product_cat-lackteile-sportster-1983-2003","8":"product_tag-beleuchtung","9":"product_tag-gepaecktraeger","10":"product_tag-harley","11":"product_tag-heckfender","12":"product_tag-sissybar","13":"product_tag-sportster","15":"first","16":"instock","17":"purchasable","18":"product-type-simple"},"jetpack_sharing_enabled":true,"_links":{"self":[{"href":"https:\/\/mc-genuineparts.de\/index.php?rest_route=\/wp\/v2\/product\/107011","targetHints":{"allow":["GET"]}}],"collection":[{"href":"https:\/\/mc-genuineparts.de\/index.php?rest_route=\/wp\/v2\/product"}],"about":[{"href":"https:\/\/mc-genuineparts.de\/index.php?rest_route=\/wp\/v2\/types\/product"}],"wp:featuredmedia":[{"embeddable":true,"href":"https:\/\/mc-genuineparts.de\/index.php?rest_route=\/wp\/v2\/media\/107040"}],"wp:attachment":[{"href":"https:\/\/mc-genuineparts.de\/index.php?rest_route=%2Fwp%2Fv2%2Fmedia&parent=107011"}],"wp:term":[{"taxonomy":"product_brand","embeddable":true,"href":"https:\/\/mc-genuineparts.de\/index.php?rest_route=%2Fwp%2Fv2%2Fproduct_brand&post=107011"},{"taxonomy":"product_cat","embeddable":true,"href":"https:\/\/mc-genuineparts.de\/index.php?rest_route=%2Fwp%2Fv2%2Fproduct_cat&post=107011"},{"taxonomy":"product_tag","embeddable":true,"href":"https:\/\/mc-genuineparts.de\/index.php?rest_route=%2Fwp%2Fv2%2Fproduct_tag&post=107011"}],"curies":[{"name":"wp","href":"https:\/\/api.w.org\/{rel}","templated":true}]}}