{"id":114806,"date":"2023-01-09T10:52:46","date_gmt":"2023-01-09T09:52:46","guid":{"rendered":"https:\/\/mc-genuineparts.de\/?post_type=product&#038;p=114806"},"modified":"2023-04-01T12:23:51","modified_gmt":"2023-04-01T10:23:51","slug":"harley-kueryakyn-ruecklicht","status":"publish","type":"product","link":"https:\/\/mc-genuineparts.de\/?product=harley-kueryakyn-ruecklicht","title":{"rendered":"K\u00fcryakyn LED R\u00fccklicht f\u00fcr Harley-Davidson"},"content":{"rendered":"<p>K\u00fcryakyn LED R\u00fccklicht f\u00fcr Harley-Davidson<\/p>\n<p>Dieses R\u00fccklicht ohne Halter von K\u00fcryakyn ist gebraucht und hat Gebrauchsspuren.<br \/>\nSiehe Fotos<\/p>\n","protected":false},"excerpt":{"rendered":"<p>K\u00fcryakyn LED R\u00fccklicht f\u00fcr Harley-Davidson<\/p>\n","protected":false},"featured_media":114807,"template":"","meta":[],"product_brand":[],"product_cat":[929],"product_tag":[128,58,122,65,154,78,83,69],"class_list":{"0":"post-114806","1":"product","2":"type-product","3":"status-publish","6":"product_cat-beleuchtung","7":"product_tag-beleuchtung","8":"product_tag-dyna","9":"product_tag-fat-boy","10":"product_tag-harley","11":"product_tag-heck","12":"product_tag-softail","13":"product_tag-sportster","14":"product_tag-touring","16":"first","17":"instock","18":"purchasable","19":"product-type-simple"},"jetpack_sharing_enabled":true,"_links":{"self":[{"href":"https:\/\/mc-genuineparts.de\/index.php?rest_route=\/wp\/v2\/product\/114806","targetHints":{"allow":["GET"]}}],"collection":[{"href":"https:\/\/mc-genuineparts.de\/index.php?rest_route=\/wp\/v2\/product"}],"about":[{"href":"https:\/\/mc-genuineparts.de\/index.php?rest_route=\/wp\/v2\/types\/product"}],"wp:featuredmedia":[{"embeddable":true,"href":"https:\/\/mc-genuineparts.de\/index.php?rest_route=\/wp\/v2\/media\/114807"}],"wp:attachment":[{"href":"https:\/\/mc-genuineparts.de\/index.php?rest_route=%2Fwp%2Fv2%2Fmedia&parent=114806"}],"wp:term":[{"taxonomy":"product_brand","embeddable":true,"href":"https:\/\/mc-genuineparts.de\/index.php?rest_route=%2Fwp%2Fv2%2Fproduct_brand&post=114806"},{"taxonomy":"product_cat","embeddable":true,"href":"https:\/\/mc-genuineparts.de\/index.php?rest_route=%2Fwp%2Fv2%2Fproduct_cat&post=114806"},{"taxonomy":"product_tag","embeddable":true,"href":"https:\/\/mc-genuineparts.de\/index.php?rest_route=%2Fwp%2Fv2%2Fproduct_tag&post=114806"}],"curies":[{"name":"wp","href":"https:\/\/api.w.org\/{rel}","templated":true}]}}