{"id":114970,"date":"2023-02-22T11:17:35","date_gmt":"2023-02-22T10:17:35","guid":{"rendered":"https:\/\/mc-genuineparts.de\/?post_type=product&#038;p=114970"},"modified":"2025-04-11T09:27:45","modified_gmt":"2025-04-11T07:27:45","slug":"harley-touring-auspuff-endtoepfe-mit-e-pruefzeichen-64900954-rh-64900955-lh","status":"publish","type":"product","link":"https:\/\/mc-genuineparts.de\/?product=harley-touring-auspuff-endtoepfe-mit-e-pruefzeichen-64900954-rh-64900955-lh","title":{"rendered":"Harley Touring Road King Street Glide Auspuff-Endt\u00f6pfe mit E Pr\u00fcfzeichen (64900954 RH + 64900955 LH)"},"content":{"rendered":"<p>Harley Touring Auspuff-Endt\u00f6pfe mit E Pr\u00fcfzeichen (64900954 RH + 64900955 LH)<\/p>\n<p>Diese Original H-D Auspuff-Endt\u00f6pfe sind gebraucht und passend an Touring Modelle ab Baujahr 2017.<br \/>\nSie wurden an folgende Modelle verbaut:<br \/>\nFLHRXS 1KVP ROAD KING SPECIAL (2021)<br \/>\nFLHRXS 1KVP ROAD KING SPECIAL (2022)<br \/>\nFLHRXS 1KVP ROAD KING SPECIAL (2023)<br \/>\nFLHTK 1KEF ULTRA LIMITED (2022)<br \/>\nFLHTK 1KEF ULTRA LIMITED (2023)<br \/>\nFLHXS 1KRP STREET GLIDE SPECIAL (2021)<br \/>\nFLHXS 1KRP STREET GLIDE SPECIAL (2022)<br \/>\nFLHXS 1KRP STREET GLIDE SPECIAL (2023)<br \/>\nFLHXSANV 1AEP STREET GLIDE ANNIVERSARY (2023)<\/p>\n<p>Leider hat der linke Endtopf tiefe Kratzer.<br \/>\nZustand siehe Fotos.<\/p>\n","protected":false},"excerpt":{"rendered":"<p>Harley Touring Road King Street Glide Auspuff-Endt\u00f6pfe mit E Pr\u00fcfzeichen (64900954 RH + 64900955 LH)<\/p>\n","protected":false},"featured_media":114971,"template":"","meta":[],"product_brand":[],"product_cat":[924],"product_tag":[119,66,71,69],"class_list":{"0":"post-114970","1":"product","2":"type-product","3":"status-publish","6":"product_cat-h-d-touring-ab-2017","7":"product_tag-auspuff","8":"product_tag-original-h-d","9":"product_tag-street-glide","10":"product_tag-touring","12":"first","13":"outofstock","14":"purchasable","15":"product-type-simple"},"jetpack_sharing_enabled":true,"_links":{"self":[{"href":"https:\/\/mc-genuineparts.de\/index.php?rest_route=\/wp\/v2\/product\/114970","targetHints":{"allow":["GET"]}}],"collection":[{"href":"https:\/\/mc-genuineparts.de\/index.php?rest_route=\/wp\/v2\/product"}],"about":[{"href":"https:\/\/mc-genuineparts.de\/index.php?rest_route=\/wp\/v2\/types\/product"}],"wp:featuredmedia":[{"embeddable":true,"href":"https:\/\/mc-genuineparts.de\/index.php?rest_route=\/wp\/v2\/media\/114971"}],"wp:attachment":[{"href":"https:\/\/mc-genuineparts.de\/index.php?rest_route=%2Fwp%2Fv2%2Fmedia&parent=114970"}],"wp:term":[{"taxonomy":"product_brand","embeddable":true,"href":"https:\/\/mc-genuineparts.de\/index.php?rest_route=%2Fwp%2Fv2%2Fproduct_brand&post=114970"},{"taxonomy":"product_cat","embeddable":true,"href":"https:\/\/mc-genuineparts.de\/index.php?rest_route=%2Fwp%2Fv2%2Fproduct_cat&post=114970"},{"taxonomy":"product_tag","embeddable":true,"href":"https:\/\/mc-genuineparts.de\/index.php?rest_route=%2Fwp%2Fv2%2Fproduct_tag&post=114970"}],"curies":[{"name":"wp","href":"https:\/\/api.w.org\/{rel}","templated":true}]}}