{"id":126960,"date":"2023-10-27T11:06:29","date_gmt":"2023-10-27T09:06:29","guid":{"rendered":"https:\/\/mc-genuineparts.de\/?post_type=product&#038;p=126960"},"modified":"2024-06-12T17:20:46","modified_gmt":"2024-06-12T15:20:46","slug":"windschild-organizer-von-t-bags-fuer-h-d-touringmodelle","status":"publish","type":"product","link":"https:\/\/mc-genuineparts.de\/?product=windschild-organizer-von-t-bags-fuer-h-d-touringmodelle","title":{"rendered":"Windschild-Organizer von T-Bags f\u00fcr H-D Touringmodelle"},"content":{"rendered":"<p>Der Windschild-Organizer von T-Bags ist aus stabilen Kunstleder.<br \/>\nDie Taschen sind nicht wasserdicht. Handys oder \u00e4hnliches sollten bei Regen nochmal extra gesichert werden.<br \/>\nDer Organizer ist passend an E-Glide oder Street Glide Modelle und hat Gebrauchsspuren in Form von Kratzern, eine tasche hat eine Besch\u00e4digung,\u00a0 die hoffentlich auf den Bildern gut zu erkennen sind, eine Tasche fehlt.<br \/>\nDer Organizer ist ca. 57cm lang.<br \/>\nDie mittlere Tasche ist ca. 9 cm breit, 18,5 cm lang und ca. 5,5 cm tief. Mit Lasche ca. 6,5 cm. Die \u00e4u\u00dfere Tasche ist ca. 16,5 cm lang, ca. 7 cm breit und verj\u00fcngen sich nach au\u00dfen.<br \/>\nDie Tiefe betr\u00e4gt ca. 4 cm.<br \/>\nDie Aussparungen zum befestigen sind in der L\u00e4nge ca. 50 cm auseinander.<br \/>\nDie mittlere Aussparung ist ca. 25 cm mittig zu den \u00e4u\u00dferen.<br \/>\nZustand siehe Fotos<\/p>\n","protected":false},"excerpt":{"rendered":"<p>Windschild-Organizer von T-Bags f\u00fcr H-D Touringmodelle<\/p>\n","protected":false},"featured_media":126961,"template":"","meta":[],"product_brand":[],"product_cat":[958],"product_tag":[240,69,232,191],"class_list":{"0":"post-126960","1":"product","2":"type-product","3":"status-publish","6":"product_cat-gepaeck-und-werkzeugrolle","7":"product_tag-organizer","8":"product_tag-touring","9":"product_tag-werkzeugtasche","10":"product_tag-windschild","12":"first","13":"instock","14":"purchasable","15":"product-type-simple"},"jetpack_sharing_enabled":true,"_links":{"self":[{"href":"https:\/\/mc-genuineparts.de\/index.php?rest_route=\/wp\/v2\/product\/126960","targetHints":{"allow":["GET"]}}],"collection":[{"href":"https:\/\/mc-genuineparts.de\/index.php?rest_route=\/wp\/v2\/product"}],"about":[{"href":"https:\/\/mc-genuineparts.de\/index.php?rest_route=\/wp\/v2\/types\/product"}],"wp:featuredmedia":[{"embeddable":true,"href":"https:\/\/mc-genuineparts.de\/index.php?rest_route=\/wp\/v2\/media\/126961"}],"wp:attachment":[{"href":"https:\/\/mc-genuineparts.de\/index.php?rest_route=%2Fwp%2Fv2%2Fmedia&parent=126960"}],"wp:term":[{"taxonomy":"product_brand","embeddable":true,"href":"https:\/\/mc-genuineparts.de\/index.php?rest_route=%2Fwp%2Fv2%2Fproduct_brand&post=126960"},{"taxonomy":"product_cat","embeddable":true,"href":"https:\/\/mc-genuineparts.de\/index.php?rest_route=%2Fwp%2Fv2%2Fproduct_cat&post=126960"},{"taxonomy":"product_tag","embeddable":true,"href":"https:\/\/mc-genuineparts.de\/index.php?rest_route=%2Fwp%2Fv2%2Fproduct_tag&post=126960"}],"curies":[{"name":"wp","href":"https:\/\/api.w.org\/{rel}","templated":true}]}}