{"id":128325,"date":"2023-10-30T17:00:10","date_gmt":"2023-10-30T16:00:10","guid":{"rendered":"https:\/\/mc-genuineparts.de\/?post_type=product&#038;p=128325"},"modified":"2023-10-30T17:00:11","modified_gmt":"2023-10-30T16:00:11","slug":"3-8-24-banjo-bolt-chrome-3","status":"publish","type":"product","link":"https:\/\/mc-genuineparts.de\/?product=3-8-24-banjo-bolt-chrome-3","title":{"rendered":"3\/8-24 Banjo Bolt Chrome"},"content":{"rendered":"<p> 3\/8-24 Banjo Bolt Chrome  https:\/\/www.custom-chrome-europe.com\/Motorrad-Teile\/Raeder-Reifen-Bremsen\/Bremsleitungen-Zubehoer\/Hohlschraube-fuer-Bremsleitungen\/3-8-24-Banjo-Bolt-Chrome-CCE.html Mit dem Link k\u00f6nnen Sie die aktuelle Verf\u00fcgbarkeit pr\u00fcfen und weitere Informationen \u00fcber diesen Artikel einsehen.<\/p>\n","protected":false},"excerpt":{"rendered":"<p> 3\/8-24 Banjo Bolt Chrome <\/p>\n","protected":false},"featured_media":128326,"template":"","meta":[],"product_brand":[],"product_cat":[15],"product_tag":[],"class_list":{"0":"post-128325","1":"product","2":"type-product","3":"status-publish","6":"product_cat-unkategorisiert","8":"first","9":"instock","10":"taxable","11":"shipping-taxable","12":"product-type-simple"},"jetpack_sharing_enabled":true,"_links":{"self":[{"href":"https:\/\/mc-genuineparts.de\/index.php?rest_route=\/wp\/v2\/product\/128325","targetHints":{"allow":["GET"]}}],"collection":[{"href":"https:\/\/mc-genuineparts.de\/index.php?rest_route=\/wp\/v2\/product"}],"about":[{"href":"https:\/\/mc-genuineparts.de\/index.php?rest_route=\/wp\/v2\/types\/product"}],"wp:featuredmedia":[{"embeddable":true,"href":"https:\/\/mc-genuineparts.de\/index.php?rest_route=\/wp\/v2\/media\/128326"}],"wp:attachment":[{"href":"https:\/\/mc-genuineparts.de\/index.php?rest_route=%2Fwp%2Fv2%2Fmedia&parent=128325"}],"wp:term":[{"taxonomy":"product_brand","embeddable":true,"href":"https:\/\/mc-genuineparts.de\/index.php?rest_route=%2Fwp%2Fv2%2Fproduct_brand&post=128325"},{"taxonomy":"product_cat","embeddable":true,"href":"https:\/\/mc-genuineparts.de\/index.php?rest_route=%2Fwp%2Fv2%2Fproduct_cat&post=128325"},{"taxonomy":"product_tag","embeddable":true,"href":"https:\/\/mc-genuineparts.de\/index.php?rest_route=%2Fwp%2Fv2%2Fproduct_tag&post=128325"}],"curies":[{"name":"wp","href":"https:\/\/api.w.org\/{rel}","templated":true}]}}