{"id":130917,"date":"2023-10-31T12:54:30","date_gmt":"2023-10-31T11:54:30","guid":{"rendered":"https:\/\/mc-genuineparts.de\/?post_type=product&#038;p=130917"},"modified":"2024-06-12T10:30:02","modified_gmt":"2024-06-12T08:30:02","slug":"harley-seitlicher-kennzeichenhalter-inkl-beleuchtung","status":"publish","type":"product","link":"https:\/\/mc-genuineparts.de\/?product=harley-seitlicher-kennzeichenhalter-inkl-beleuchtung","title":{"rendered":"Seitlicher Kennzeichenhalter inkl. Beleuchtung US-Ausf\u00fchrung"},"content":{"rendered":"<p>Seitlicher Kennzeichenhalter inkl. Beleuchtung US-Ausf\u00fchrung<\/p>\n<p>Dieser seitliche Kennzeichenhalter inkl. Beleuchtung ist universell einsetzbar mit der Aufnahme und gebraucht.<br \/>\nDie Ma\u00dfe f\u00fcr das Nummernschild m\u00fcssen 17 x 10 cm betragen, weil es seitlich in den Halter rein geschoben wird.<\/p>\n<p>Er hat Chromabplatzungen und oxidierte Stellen, wie auf den Bildern dokumentiert.<\/p>\n","protected":false},"excerpt":{"rendered":"<p>Seitlicher Kennzeichenhalter inkl. Beleuchtung US-Ausf\u00fchrung<\/p>\n","protected":false},"featured_media":130918,"template":"","meta":[],"product_brand":[],"product_cat":[929,936],"product_tag":[58,122,65,4064,78,83,115],"class_list":{"0":"post-130917","1":"product","2":"type-product","3":"status-publish","6":"product_cat-beleuchtung","7":"product_cat-custom-teile-fuer-harley","8":"product_tag-dyna","9":"product_tag-fat-boy","10":"product_tag-harley","11":"product_tag-kennzeichenhalter","12":"product_tag-softail","13":"product_tag-sportster","14":"product_tag-wide-glide","16":"first","17":"instock","18":"purchasable","19":"product-type-simple"},"jetpack_sharing_enabled":true,"_links":{"self":[{"href":"https:\/\/mc-genuineparts.de\/index.php?rest_route=\/wp\/v2\/product\/130917","targetHints":{"allow":["GET"]}}],"collection":[{"href":"https:\/\/mc-genuineparts.de\/index.php?rest_route=\/wp\/v2\/product"}],"about":[{"href":"https:\/\/mc-genuineparts.de\/index.php?rest_route=\/wp\/v2\/types\/product"}],"wp:featuredmedia":[{"embeddable":true,"href":"https:\/\/mc-genuineparts.de\/index.php?rest_route=\/wp\/v2\/media\/130918"}],"wp:attachment":[{"href":"https:\/\/mc-genuineparts.de\/index.php?rest_route=%2Fwp%2Fv2%2Fmedia&parent=130917"}],"wp:term":[{"taxonomy":"product_brand","embeddable":true,"href":"https:\/\/mc-genuineparts.de\/index.php?rest_route=%2Fwp%2Fv2%2Fproduct_brand&post=130917"},{"taxonomy":"product_cat","embeddable":true,"href":"https:\/\/mc-genuineparts.de\/index.php?rest_route=%2Fwp%2Fv2%2Fproduct_cat&post=130917"},{"taxonomy":"product_tag","embeddable":true,"href":"https:\/\/mc-genuineparts.de\/index.php?rest_route=%2Fwp%2Fv2%2Fproduct_tag&post=130917"}],"curies":[{"name":"wp","href":"https:\/\/api.w.org\/{rel}","templated":true}]}}