{"id":144595,"date":"2024-07-19T12:46:43","date_gmt":"2024-07-19T10:46:43","guid":{"rendered":"https:\/\/mc-genuineparts.de\/?post_type=product&#038;p=144595"},"modified":"2025-02-25T09:56:15","modified_gmt":"2025-02-25T08:56:15","slug":"stossdaemfer-einstellknopf-black-satin-anodized","status":"publish","type":"product","link":"https:\/\/mc-genuineparts.de\/?product=stossdaemfer-einstellknopf-black-satin-anodized","title":{"rendered":"Sto\u00dfd\u00e4mfer-Einstellknopf Black Satin Anodized"},"content":{"rendered":"<p> Sto\u00dfd\u00e4mfer-Einstellknopf Black Satin Anodized <\/p>\n","protected":false},"excerpt":{"rendered":"<p> Sto\u00dfd\u00e4mfer-Einstellknopf Black Satin Anodized <\/p>\n","protected":false},"featured_media":144596,"template":"","meta":[],"product_brand":[],"product_cat":[3780],"product_tag":[],"class_list":{"0":"post-144595","1":"product","2":"type-product","3":"status-publish","6":"product_cat-400-04-gabeln-daempfer-tauchrohre","8":"first","9":"instock","10":"taxable","11":"shipping-taxable","12":"purchasable","13":"product-type-simple"},"jetpack_sharing_enabled":true,"_links":{"self":[{"href":"https:\/\/mc-genuineparts.de\/index.php?rest_route=\/wp\/v2\/product\/144595","targetHints":{"allow":["GET"]}}],"collection":[{"href":"https:\/\/mc-genuineparts.de\/index.php?rest_route=\/wp\/v2\/product"}],"about":[{"href":"https:\/\/mc-genuineparts.de\/index.php?rest_route=\/wp\/v2\/types\/product"}],"wp:featuredmedia":[{"embeddable":true,"href":"https:\/\/mc-genuineparts.de\/index.php?rest_route=\/wp\/v2\/media\/144596"}],"wp:attachment":[{"href":"https:\/\/mc-genuineparts.de\/index.php?rest_route=%2Fwp%2Fv2%2Fmedia&parent=144595"}],"wp:term":[{"taxonomy":"product_brand","embeddable":true,"href":"https:\/\/mc-genuineparts.de\/index.php?rest_route=%2Fwp%2Fv2%2Fproduct_brand&post=144595"},{"taxonomy":"product_cat","embeddable":true,"href":"https:\/\/mc-genuineparts.de\/index.php?rest_route=%2Fwp%2Fv2%2Fproduct_cat&post=144595"},{"taxonomy":"product_tag","embeddable":true,"href":"https:\/\/mc-genuineparts.de\/index.php?rest_route=%2Fwp%2Fv2%2Fproduct_tag&post=144595"}],"curies":[{"name":"wp","href":"https:\/\/api.w.org\/{rel}","templated":true}]}}