{"id":145091,"date":"2024-12-04T11:22:59","date_gmt":"2024-12-04T10:22:59","guid":{"rendered":"https:\/\/mc-genuineparts.de\/?post_type=product&#038;p=145091"},"modified":"2024-12-04T11:23:01","modified_gmt":"2024-12-04T10:23:01","slug":"auspuff-inkl-halter-aus-dem-zubehoer-fuer-harley-1986-2017","status":"publish","type":"product","link":"https:\/\/mc-genuineparts.de\/?product=auspuff-inkl-halter-aus-dem-zubehoer-fuer-harley-1986-2017","title":{"rendered":"Auspuff inkl. Halter aus dem Zubeh\u00f6r f\u00fcr Harley 1986-2017"},"content":{"rendered":"<p>Dieser Zubeh\u00f6r-Auspuff ist passend an alle Softail Modelle ab Baujahr 1986 &#8211; 2017.<\/p>\n<p>Der Auspuff hat keine Lambdasonden-\u00d6ffnungen.<\/p>\n<p>Der Klang ist laut.<\/p>\n<p>Abgebaut wurde er von einer Fat Boy Baujahr 2008 und hat starke Gebrauchsspuren, u.a. tiefere Kratzer, wie auf den Bildern dokumentiert.<\/p>\n<p>&nbsp;<\/p>\n","protected":false},"excerpt":{"rendered":"<p>Auspuff inkl. Halter aus dem Zubeh\u00f6r f\u00fcr Harley 1986-2017<\/p>\n","protected":false},"featured_media":145092,"template":"","meta":[],"product_brand":[],"product_cat":[910,986,945,913,911],"product_tag":[119,156,65,78,242],"class_list":{"0":"post-145091","1":"product","2":"type-product","3":"status-publish","6":"product_cat-h-d-softail","7":"product_cat-auspuff-softail-evo-1986-1999","8":"product_cat-softail-evo-1986-1999","9":"product_cat-softail-twin-cam-2000-2006","10":"product_cat-softail-twin-cam-2007-2017","11":"product_tag-auspuff","12":"product_tag-evo","13":"product_tag-harley","14":"product_tag-softail","15":"product_tag-twin-cam","17":"first","18":"instock","19":"purchasable","20":"product-type-simple"},"jetpack_sharing_enabled":true,"_links":{"self":[{"href":"https:\/\/mc-genuineparts.de\/index.php?rest_route=\/wp\/v2\/product\/145091","targetHints":{"allow":["GET"]}}],"collection":[{"href":"https:\/\/mc-genuineparts.de\/index.php?rest_route=\/wp\/v2\/product"}],"about":[{"href":"https:\/\/mc-genuineparts.de\/index.php?rest_route=\/wp\/v2\/types\/product"}],"wp:featuredmedia":[{"embeddable":true,"href":"https:\/\/mc-genuineparts.de\/index.php?rest_route=\/wp\/v2\/media\/145092"}],"wp:attachment":[{"href":"https:\/\/mc-genuineparts.de\/index.php?rest_route=%2Fwp%2Fv2%2Fmedia&parent=145091"}],"wp:term":[{"taxonomy":"product_brand","embeddable":true,"href":"https:\/\/mc-genuineparts.de\/index.php?rest_route=%2Fwp%2Fv2%2Fproduct_brand&post=145091"},{"taxonomy":"product_cat","embeddable":true,"href":"https:\/\/mc-genuineparts.de\/index.php?rest_route=%2Fwp%2Fv2%2Fproduct_cat&post=145091"},{"taxonomy":"product_tag","embeddable":true,"href":"https:\/\/mc-genuineparts.de\/index.php?rest_route=%2Fwp%2Fv2%2Fproduct_tag&post=145091"}],"curies":[{"name":"wp","href":"https:\/\/api.w.org\/{rel}","templated":true}]}}