{"id":149456,"date":"2025-04-08T10:58:15","date_gmt":"2025-04-08T08:58:15","guid":{"rendered":"https:\/\/mc-genuineparts.de\/?post_type=product&#038;p=149456"},"modified":"2025-04-08T10:58:16","modified_gmt":"2025-04-08T08:58:16","slug":"3x16-zoll-custom-hinterrad-felge-fuer-harley","status":"publish","type":"product","link":"https:\/\/mc-genuineparts.de\/?product=3x16-zoll-custom-hinterrad-felge-fuer-harley","title":{"rendered":"3&#215;16 Zoll Custom Hinterrad Felge f\u00fcr Harley"},"content":{"rendered":"<p>Diese 3 x 16 Zoll Custom Hinterrad Felge f\u00fcr H-D k\u00f6nnte auch als Vorderrad Felge genutzt werden.<br \/>\nDie Felge hat ein 19mm Radlager, welches auf Wunsch, mit Aufpreis, von uns ge\u00e4ndert werden kann.<br \/>\nDie Felge ist gebraucht mit Gebrauchsspuren, ein tieferer Kratzer ist vorhanden, siehe Fotos.<br \/>\nDer 90&#215;16 Reifen hat die DOT 30016 und m\u00fcsste erneuert werden.<br \/>\nKeine ABE\/T\u00dcV<\/p>\n","protected":false},"excerpt":{"rendered":"<p>3&#215;16 Zoll Custom Hinterrad Felge f\u00fcr Harley<\/p>\n","protected":false},"featured_media":149458,"template":"","meta":[],"product_brand":[],"product_cat":[4642,936,898],"product_tag":[65,76],"class_list":{"0":"post-149456","1":"product","2":"type-product","3":"status-publish","6":"product_cat-mc-genuineparts","7":"product_cat-custom-teile-fuer-harley","8":"product_cat-raeder-und-bremsen","9":"product_tag-harley","10":"product_tag-hinterrad","12":"first","13":"instock","14":"purchasable","15":"product-type-simple"},"jetpack_sharing_enabled":true,"_links":{"self":[{"href":"https:\/\/mc-genuineparts.de\/index.php?rest_route=\/wp\/v2\/product\/149456","targetHints":{"allow":["GET"]}}],"collection":[{"href":"https:\/\/mc-genuineparts.de\/index.php?rest_route=\/wp\/v2\/product"}],"about":[{"href":"https:\/\/mc-genuineparts.de\/index.php?rest_route=\/wp\/v2\/types\/product"}],"wp:featuredmedia":[{"embeddable":true,"href":"https:\/\/mc-genuineparts.de\/index.php?rest_route=\/wp\/v2\/media\/149458"}],"wp:attachment":[{"href":"https:\/\/mc-genuineparts.de\/index.php?rest_route=%2Fwp%2Fv2%2Fmedia&parent=149456"}],"wp:term":[{"taxonomy":"product_brand","embeddable":true,"href":"https:\/\/mc-genuineparts.de\/index.php?rest_route=%2Fwp%2Fv2%2Fproduct_brand&post=149456"},{"taxonomy":"product_cat","embeddable":true,"href":"https:\/\/mc-genuineparts.de\/index.php?rest_route=%2Fwp%2Fv2%2Fproduct_cat&post=149456"},{"taxonomy":"product_tag","embeddable":true,"href":"https:\/\/mc-genuineparts.de\/index.php?rest_route=%2Fwp%2Fv2%2Fproduct_tag&post=149456"}],"curies":[{"name":"wp","href":"https:\/\/api.w.org\/{rel}","templated":true}]}}