{"id":149590,"date":"2025-05-26T11:12:45","date_gmt":"2025-05-26T09:12:45","guid":{"rendered":"https:\/\/mc-genuineparts.de\/?post_type=product&#038;p=149590"},"modified":"2026-04-07T09:51:35","modified_gmt":"2026-04-07T07:51:35","slug":"harley-flt-touring-evo-tank-oem-61019-83a-1979-1985","status":"publish","type":"product","link":"https:\/\/mc-genuineparts.de\/?product=harley-flt-touring-evo-tank-oem-61019-83a-1979-1985","title":{"rendered":"Harley FLT Touring EVO Tank (OEM 61019-83A) 1979-1988"},"content":{"rendered":"<p>Dieser Original H-D Touring FLT EVO Tank (OEM 61019-83A) ist passend an Touring Modelle ab Baujahr 1979 &#8211; 1988.<\/p>\n<p>Der Tank verf\u00fcgt \u00fcber eine Tankuhr und auch der Schl\u00fcssel f\u00fcr die Klappe ist noch vorhanden und funktionsf\u00e4hig.<\/p>\n<p>Es sind KEINE Beulen am Tank, aber aufgrund seines Alters dementsprechende Gebrauchsspuren, siehe Fotos.<\/p>\n<p>Der Neupreis f\u00fcr einen grundierten Tank lag damals bei \u20ac390,-<\/p>\n<p>&nbsp;<\/p>\n","protected":false},"excerpt":{"rendered":"<p>Harley FLT Touring EVO Tank (OEM 61019-83A) 1979-1988<\/p>\n","protected":false},"featured_media":149605,"template":"","meta":[],"product_brand":[],"product_cat":[916,899],"product_tag":[156,66,68,69],"class_list":{"0":"post-149590","1":"product","2":"type-product","3":"status-publish","6":"product_cat-lackteile-h-d-touring-1996-2008","7":"product_cat-h-d-touring","8":"product_tag-evo","9":"product_tag-original-h-d","10":"product_tag-tank","11":"product_tag-touring","13":"first","14":"instock","15":"purchasable","16":"product-type-simple"},"jetpack_sharing_enabled":true,"_links":{"self":[{"href":"https:\/\/mc-genuineparts.de\/index.php?rest_route=\/wp\/v2\/product\/149590","targetHints":{"allow":["GET"]}}],"collection":[{"href":"https:\/\/mc-genuineparts.de\/index.php?rest_route=\/wp\/v2\/product"}],"about":[{"href":"https:\/\/mc-genuineparts.de\/index.php?rest_route=\/wp\/v2\/types\/product"}],"wp:featuredmedia":[{"embeddable":true,"href":"https:\/\/mc-genuineparts.de\/index.php?rest_route=\/wp\/v2\/media\/149605"}],"wp:attachment":[{"href":"https:\/\/mc-genuineparts.de\/index.php?rest_route=%2Fwp%2Fv2%2Fmedia&parent=149590"}],"wp:term":[{"taxonomy":"product_brand","embeddable":true,"href":"https:\/\/mc-genuineparts.de\/index.php?rest_route=%2Fwp%2Fv2%2Fproduct_brand&post=149590"},{"taxonomy":"product_cat","embeddable":true,"href":"https:\/\/mc-genuineparts.de\/index.php?rest_route=%2Fwp%2Fv2%2Fproduct_cat&post=149590"},{"taxonomy":"product_tag","embeddable":true,"href":"https:\/\/mc-genuineparts.de\/index.php?rest_route=%2Fwp%2Fv2%2Fproduct_tag&post=149590"}],"curies":[{"name":"wp","href":"https:\/\/api.w.org\/{rel}","templated":true}]}}