{"id":149808,"date":"2025-07-31T16:39:07","date_gmt":"2025-07-31T14:39:07","guid":{"rendered":"https:\/\/mc-genuineparts.de\/?post_type=product&#038;p=149808"},"modified":"2025-08-05T12:39:46","modified_gmt":"2025-08-05T10:39:46","slug":"ueberwurf-satteltaschen-ohne-abstandshalter-fuer-motorrad-old-school-mit-nietenbesatz","status":"publish","type":"product","link":"https:\/\/mc-genuineparts.de\/?product=ueberwurf-satteltaschen-ohne-abstandshalter-fuer-motorrad-old-school-mit-nietenbesatz","title":{"rendered":"\u00dcberwurf Satteltaschen ohne Abstandshalter f\u00fcr Motorrad Old School mit Nietenbesatz"},"content":{"rendered":"<p>\u00dcberwurf Satteltaschen ohne Abstandshalter f\u00fcr Motorrad Old School mit Nietenbesatz<\/p>\n<p>Die Satteltaschen sind gebraucht.<\/p>\n<p>Der \u00dcberzug von dem Kunsttoff ist besch\u00e4digt auf den R\u00fcckseiten beider Taschen. An einer Tasche hat zudem der Auspuff seine Spuren hinterlassen und eine Tasche hat eine &#8222;L\u00fccke&#8220; im \u00dcberzug.<\/p>\n<p>Trotz der Besch\u00e4digungen ist die bestimmungsgem\u00e4\u00dfe Verwendung nicht beeintr\u00e4chtigt.<\/p>\n<p>Die Satteltaschen haben keine L\u00f6cher und der Kunststoff ist abgesehen von Verformungen unbesch\u00e4digt.<\/p>\n<p>Im Lieferumfang sind keine Abstandshalter vorhanden, aber f\u00fcr alle Harley Modelle bei uns angefragt werden.<\/p>\n<p>Die Besch\u00e4digung sind auf den Fotos sichtbar.<\/p>\n","protected":false},"excerpt":{"rendered":"<p>\u00dcberwurf Satteltaschen ohne Abstandshalter f\u00fcr Motorrad Old School mit Nietenbesatz<\/p>\n","protected":false},"featured_media":149810,"template":"","meta":[],"product_brand":[],"product_cat":[958],"product_tag":[],"class_list":{"0":"post-149808","1":"product","2":"type-product","3":"status-publish","6":"product_cat-gepaeck-und-werkzeugrolle","8":"first","9":"instock","10":"purchasable","11":"product-type-simple"},"jetpack_sharing_enabled":true,"_links":{"self":[{"href":"https:\/\/mc-genuineparts.de\/index.php?rest_route=\/wp\/v2\/product\/149808","targetHints":{"allow":["GET"]}}],"collection":[{"href":"https:\/\/mc-genuineparts.de\/index.php?rest_route=\/wp\/v2\/product"}],"about":[{"href":"https:\/\/mc-genuineparts.de\/index.php?rest_route=\/wp\/v2\/types\/product"}],"wp:featuredmedia":[{"embeddable":true,"href":"https:\/\/mc-genuineparts.de\/index.php?rest_route=\/wp\/v2\/media\/149810"}],"wp:attachment":[{"href":"https:\/\/mc-genuineparts.de\/index.php?rest_route=%2Fwp%2Fv2%2Fmedia&parent=149808"}],"wp:term":[{"taxonomy":"product_brand","embeddable":true,"href":"https:\/\/mc-genuineparts.de\/index.php?rest_route=%2Fwp%2Fv2%2Fproduct_brand&post=149808"},{"taxonomy":"product_cat","embeddable":true,"href":"https:\/\/mc-genuineparts.de\/index.php?rest_route=%2Fwp%2Fv2%2Fproduct_cat&post=149808"},{"taxonomy":"product_tag","embeddable":true,"href":"https:\/\/mc-genuineparts.de\/index.php?rest_route=%2Fwp%2Fv2%2Fproduct_tag&post=149808"}],"curies":[{"name":"wp","href":"https:\/\/api.w.org\/{rel}","templated":true}]}}