{"id":149950,"date":"2025-08-05T18:03:36","date_gmt":"2025-08-05T16:03:36","guid":{"rendered":"https:\/\/mc-genuineparts.de\/?post_type=product&#038;p=149950"},"modified":"2025-08-11T12:02:23","modified_gmt":"2025-08-11T10:02:23","slug":"sissy-bar-rueckenlehne-fuer-harley-touring-2014-2023","status":"publish","type":"product","link":"https:\/\/mc-genuineparts.de\/?product=sissy-bar-rueckenlehne-fuer-harley-touring-2014-2023","title":{"rendered":"Sissy Bar R\u00fcckenlehne f\u00fcr Harley Touring 2014 &#8211; 2023"},"content":{"rendered":"<p>Sissy Bar R\u00fcckenlehne f\u00fcr Harley Touring 2014 &#8211; 2023<\/p>\n<p>Diese R\u00fcckenlehne ist passend an Harley Touring Modelle von 2014 bis 2023 und in einem sehr guten Zustand (siehe Fotos)<\/p>\n<p>Abgebaut wurde die Sissybar von einer 2017er FLHX Street Glide<\/p>\n<p>Der Lochabstand ist ungef\u00e4hr 12,3 cm<\/p>\n<p>Die H\u00f6he der R\u00fcckenlehne ist ca. 68 cm und die Breite ca. 33,6 cm<\/p>\n<p>Die Montage Schrauben sind mit in der Lieferung enthalten<\/p>\n","protected":false},"excerpt":{"rendered":"<p>Sissy Bar R\u00fcckenlehne f\u00fcr Harley Touring 2014 &#8211; 2023<\/p>\n","protected":false},"featured_media":149952,"template":"","meta":[],"product_brand":[],"product_cat":[984],"product_tag":[67,290,185,71,69],"class_list":{"0":"post-149950","1":"product","2":"type-product","3":"status-publish","6":"product_cat-sitzbank-h-d-touring-ab-2009","7":"product_tag-road-king","8":"product_tag-rueckenlehne","9":"product_tag-sissybar","10":"product_tag-street-glide","11":"product_tag-touring","13":"first","14":"instock","15":"purchasable","16":"product-type-simple"},"jetpack_sharing_enabled":true,"_links":{"self":[{"href":"https:\/\/mc-genuineparts.de\/index.php?rest_route=\/wp\/v2\/product\/149950","targetHints":{"allow":["GET"]}}],"collection":[{"href":"https:\/\/mc-genuineparts.de\/index.php?rest_route=\/wp\/v2\/product"}],"about":[{"href":"https:\/\/mc-genuineparts.de\/index.php?rest_route=\/wp\/v2\/types\/product"}],"wp:featuredmedia":[{"embeddable":true,"href":"https:\/\/mc-genuineparts.de\/index.php?rest_route=\/wp\/v2\/media\/149952"}],"wp:attachment":[{"href":"https:\/\/mc-genuineparts.de\/index.php?rest_route=%2Fwp%2Fv2%2Fmedia&parent=149950"}],"wp:term":[{"taxonomy":"product_brand","embeddable":true,"href":"https:\/\/mc-genuineparts.de\/index.php?rest_route=%2Fwp%2Fv2%2Fproduct_brand&post=149950"},{"taxonomy":"product_cat","embeddable":true,"href":"https:\/\/mc-genuineparts.de\/index.php?rest_route=%2Fwp%2Fv2%2Fproduct_cat&post=149950"},{"taxonomy":"product_tag","embeddable":true,"href":"https:\/\/mc-genuineparts.de\/index.php?rest_route=%2Fwp%2Fv2%2Fproduct_tag&post=149950"}],"curies":[{"name":"wp","href":"https:\/\/api.w.org\/{rel}","templated":true}]}}