{"id":150259,"date":"2025-09-12T13:28:53","date_gmt":"2025-09-12T11:28:53","guid":{"rendered":"https:\/\/mc-genuineparts.de\/?post_type=product&#038;p=150259"},"modified":"2025-09-12T13:28:54","modified_gmt":"2025-09-12T11:28:54","slug":"harley-hoehenverstellbarer-touring-hauptstaender-oem-91573-09a","status":"publish","type":"product","link":"https:\/\/mc-genuineparts.de\/?product=harley-hoehenverstellbarer-touring-hauptstaender-oem-91573-09a","title":{"rendered":"Harley h\u00f6henverstellbarer Touring Hauptst\u00e4nder OEM 91573-09A"},"content":{"rendered":"<p>Dieser Original H-D h\u00f6henverstellbare Touring Hauptst\u00e4nder (OEM91573-09A) ist passend an alle FLH\/ FLT Modelle mit Originalh\u00f6he ab Baujahr 2009 &#8211; 2022.<\/p>\n<p>Er ist NICHT passend an Screamin&#8216; Eagle Modelle.<\/p>\n<p>Der Hauptst\u00e4nder ist gebraucht, aber in einem neuwertigen Zustand.<\/p>\n<p>Lediglich eine Stellschraube hat an einer Stelle Abschabungen, siehe Fotos.<\/p>\n<p>Die Befestigungsplatte ist ca. 26,2 cm lang und ca. 13 cm breit.<\/p>\n<p>Die L\u00f6cher zur Montage sind ca. 18 cm auseinander, von Mitte Loch zu Mitte Loch gemessen.<\/p>\n<p>Der Neupreis betrug bei H-D 463,-<\/p>\n","protected":false},"excerpt":{"rendered":"<p>Harley h\u00f6henverstellbarer Touring Hauptst\u00e4nder OEM 91573-09A<\/p>\n","protected":false},"featured_media":150261,"template":"","meta":[],"product_brand":[],"product_cat":[900,952],"product_tag":[70,66,67,69],"class_list":{"0":"post-150259","1":"product","2":"type-product","3":"status-publish","6":"product_cat-h-d-touring-ab-2009","7":"product_cat-rahmen-und-zubehoer-h-d-touring-ab-2009","8":"product_tag-e-glide","9":"product_tag-original-h-d","10":"product_tag-road-king","11":"product_tag-touring","13":"first","14":"instock","15":"purchasable","16":"product-type-simple"},"jetpack_sharing_enabled":true,"_links":{"self":[{"href":"https:\/\/mc-genuineparts.de\/index.php?rest_route=\/wp\/v2\/product\/150259","targetHints":{"allow":["GET"]}}],"collection":[{"href":"https:\/\/mc-genuineparts.de\/index.php?rest_route=\/wp\/v2\/product"}],"about":[{"href":"https:\/\/mc-genuineparts.de\/index.php?rest_route=\/wp\/v2\/types\/product"}],"wp:featuredmedia":[{"embeddable":true,"href":"https:\/\/mc-genuineparts.de\/index.php?rest_route=\/wp\/v2\/media\/150261"}],"wp:attachment":[{"href":"https:\/\/mc-genuineparts.de\/index.php?rest_route=%2Fwp%2Fv2%2Fmedia&parent=150259"}],"wp:term":[{"taxonomy":"product_brand","embeddable":true,"href":"https:\/\/mc-genuineparts.de\/index.php?rest_route=%2Fwp%2Fv2%2Fproduct_brand&post=150259"},{"taxonomy":"product_cat","embeddable":true,"href":"https:\/\/mc-genuineparts.de\/index.php?rest_route=%2Fwp%2Fv2%2Fproduct_cat&post=150259"},{"taxonomy":"product_tag","embeddable":true,"href":"https:\/\/mc-genuineparts.de\/index.php?rest_route=%2Fwp%2Fv2%2Fproduct_tag&post=150259"}],"curies":[{"name":"wp","href":"https:\/\/api.w.org\/{rel}","templated":true}]}}