{"id":150898,"date":"2025-10-16T12:29:41","date_gmt":"2025-10-16T10:29:41","guid":{"rendered":"https:\/\/mc-genuineparts.de\/?post_type=product&#038;p=150898"},"modified":"2025-10-16T12:46:18","modified_gmt":"2025-10-16T10:46:18","slug":"harley-sportster-oeltank-chromcover-rh-oem66262-04","status":"publish","type":"product","link":"https:\/\/mc-genuineparts.de\/?product=harley-sportster-oeltank-chromcover-rh-oem66262-04","title":{"rendered":"Harley Sportster \u00d6ltank Chromcover RH (OEM66262-04)"},"content":{"rendered":"<p>Dieses Original H-D \u00d6ltank Cover (OEM66262-04) in Chrom, f\u00fcr die rechte Seite, ist absolut neuwertig<\/p>\n<p>und passend an XL Sportster Modelle ab Baujahr 2004 &#8211; 2020.<\/p>\n<p>Das Cover war noch nie verbaut und wurde nur f\u00fcr die Fotos aus der Verpackung genommen.<\/p>\n<p>Der H-D Neupreis betrug \u20ac 152,-<\/p>\n<p>&nbsp;<\/p>\n","protected":false},"excerpt":{"rendered":"<p>Harley Sportster \u00d6ltank Chromcover RH (OEM66262-04)<\/p>\n","protected":false},"featured_media":150904,"template":"","meta":[],"product_brand":[9373],"product_cat":[905,961,940],"product_tag":[66,83,84,85],"class_list":{"0":"post-150898","1":"product","2":"type-product","3":"status-publish","6":"product_brand-harley-davidson","7":"product_cat-h-d-sportster","8":"product_cat-motor-und-zubehoer-sportster-1983-2003","9":"product_cat-rahmen-und-zubehoer-sportster-1983-2003","10":"product_tag-original-h-d","11":"product_tag-sportster","12":"product_tag-xl-1200","13":"product_tag-xl883","15":"first","16":"instock","17":"purchasable","18":"product-type-simple"},"jetpack_sharing_enabled":true,"_links":{"self":[{"href":"https:\/\/mc-genuineparts.de\/index.php?rest_route=\/wp\/v2\/product\/150898","targetHints":{"allow":["GET"]}}],"collection":[{"href":"https:\/\/mc-genuineparts.de\/index.php?rest_route=\/wp\/v2\/product"}],"about":[{"href":"https:\/\/mc-genuineparts.de\/index.php?rest_route=\/wp\/v2\/types\/product"}],"wp:featuredmedia":[{"embeddable":true,"href":"https:\/\/mc-genuineparts.de\/index.php?rest_route=\/wp\/v2\/media\/150904"}],"wp:attachment":[{"href":"https:\/\/mc-genuineparts.de\/index.php?rest_route=%2Fwp%2Fv2%2Fmedia&parent=150898"}],"wp:term":[{"taxonomy":"product_brand","embeddable":true,"href":"https:\/\/mc-genuineparts.de\/index.php?rest_route=%2Fwp%2Fv2%2Fproduct_brand&post=150898"},{"taxonomy":"product_cat","embeddable":true,"href":"https:\/\/mc-genuineparts.de\/index.php?rest_route=%2Fwp%2Fv2%2Fproduct_cat&post=150898"},{"taxonomy":"product_tag","embeddable":true,"href":"https:\/\/mc-genuineparts.de\/index.php?rest_route=%2Fwp%2Fv2%2Fproduct_tag&post=150898"}],"curies":[{"name":"wp","href":"https:\/\/api.w.org\/{rel}","templated":true}]}}