{"id":150970,"date":"2025-10-21T11:29:22","date_gmt":"2025-10-21T09:29:22","guid":{"rendered":"https:\/\/mc-genuineparts.de\/?post_type=product&#038;p=150970"},"modified":"2025-10-21T11:29:23","modified_gmt":"2025-10-21T09:29:23","slug":"blinkerglaeser-mit-flames-fuer-harley","status":"publish","type":"product","link":"https:\/\/mc-genuineparts.de\/?product=blinkerglaeser-mit-flames-fuer-harley","title":{"rendered":"Blinkergl\u00e4ser mit Flames f\u00fcr Harley"},"content":{"rendered":"<p>Diese Blinkergl\u00e4ser mit Flames passen auf\u00a0 Fassungen mit einem Durchmesser von ca. 5,6 cm.<\/p>\n<p>Sie sind gebraucht und haben Gebrauchsspuren, siehe Fotos.<\/p>\n<p>Eine Klemmvorrichtung ist abgebrochen. Es sind 2 hellere und 2 dunklere Gl\u00e4ser.<\/p>\n","protected":false},"excerpt":{"rendered":"<p>Blinkergl\u00e4ser mit Flames f\u00fcr Harley<\/p>\n","protected":false},"featured_media":150974,"template":"","meta":[],"product_brand":[],"product_cat":[4642,929,936,902,910,905,899],"product_tag":[128,58,65,78,83,69],"class_list":{"0":"post-150970","1":"product","2":"type-product","3":"status-publish","6":"product_cat-mc-genuineparts","7":"product_cat-beleuchtung","8":"product_cat-custom-teile-fuer-harley","9":"product_cat-h-d-dyna","10":"product_cat-h-d-softail","11":"product_cat-h-d-sportster","12":"product_cat-h-d-touring","13":"product_tag-beleuchtung","14":"product_tag-dyna","15":"product_tag-harley","16":"product_tag-softail","17":"product_tag-sportster","18":"product_tag-touring","20":"first","21":"instock","22":"purchasable","23":"product-type-simple"},"jetpack_sharing_enabled":true,"_links":{"self":[{"href":"https:\/\/mc-genuineparts.de\/index.php?rest_route=\/wp\/v2\/product\/150970","targetHints":{"allow":["GET"]}}],"collection":[{"href":"https:\/\/mc-genuineparts.de\/index.php?rest_route=\/wp\/v2\/product"}],"about":[{"href":"https:\/\/mc-genuineparts.de\/index.php?rest_route=\/wp\/v2\/types\/product"}],"wp:featuredmedia":[{"embeddable":true,"href":"https:\/\/mc-genuineparts.de\/index.php?rest_route=\/wp\/v2\/media\/150974"}],"wp:attachment":[{"href":"https:\/\/mc-genuineparts.de\/index.php?rest_route=%2Fwp%2Fv2%2Fmedia&parent=150970"}],"wp:term":[{"taxonomy":"product_brand","embeddable":true,"href":"https:\/\/mc-genuineparts.de\/index.php?rest_route=%2Fwp%2Fv2%2Fproduct_brand&post=150970"},{"taxonomy":"product_cat","embeddable":true,"href":"https:\/\/mc-genuineparts.de\/index.php?rest_route=%2Fwp%2Fv2%2Fproduct_cat&post=150970"},{"taxonomy":"product_tag","embeddable":true,"href":"https:\/\/mc-genuineparts.de\/index.php?rest_route=%2Fwp%2Fv2%2Fproduct_tag&post=150970"}],"curies":[{"name":"wp","href":"https:\/\/api.w.org\/{rel}","templated":true}]}}