{"id":151259,"date":"2025-12-05T11:29:37","date_gmt":"2025-12-05T10:29:37","guid":{"rendered":"https:\/\/mc-genuineparts.de\/?post_type=product&#038;p=151259"},"modified":"2025-12-05T11:29:38","modified_gmt":"2025-12-05T10:29:38","slug":"schwingen-solositz-inkl-daempfer-fuer-harley-softail-1984-1999","status":"publish","type":"product","link":"https:\/\/mc-genuineparts.de\/?product=schwingen-solositz-inkl-daempfer-fuer-harley-softail-1984-1999","title":{"rendered":"Schwingen Solositz inkl. D\u00e4mpfer f\u00fcr Harley Softail 1984-1999"},"content":{"rendered":"<p>Dieser Schwingensitz inkl. D\u00e4mpfer ist passend an jede Sofatil ab Baujahr 1984 &#8211; 1999.<\/p>\n<p>Der Sitz war an einer 1998er Softail montiert und hat starke Gebrauchsspuren.<\/p>\n<p>Hervorzuheben sind die defekten N\u00e4hte und die Metallstrebe ist gerissen, siehe Fotos.<\/p>\n<p>Die Sitzfl\u00e4che betr\u00e4gt ca. 40 cm in der Breite und ca. 36 cm in der L\u00e4nge.<\/p>\n<p>&nbsp;<\/p>\n","protected":false},"excerpt":{"rendered":"<p>Schwingen Solositz inkl. D\u00e4mpfer f\u00fcr Harley Softail 1984-1999<\/p>\n","protected":false},"featured_media":151263,"template":"","meta":[],"product_brand":[],"product_cat":[910,977],"product_tag":[65,104,78],"class_list":{"0":"post-151259","1":"product","2":"type-product","3":"status-publish","6":"product_cat-h-d-softail","7":"product_cat-sitzbank-softail-evo-1986-1999","8":"product_tag-harley","9":"product_tag-sitzbank","10":"product_tag-softail","12":"first","13":"instock","14":"purchasable","15":"product-type-simple"},"jetpack_sharing_enabled":true,"_links":{"self":[{"href":"https:\/\/mc-genuineparts.de\/index.php?rest_route=\/wp\/v2\/product\/151259","targetHints":{"allow":["GET"]}}],"collection":[{"href":"https:\/\/mc-genuineparts.de\/index.php?rest_route=\/wp\/v2\/product"}],"about":[{"href":"https:\/\/mc-genuineparts.de\/index.php?rest_route=\/wp\/v2\/types\/product"}],"wp:featuredmedia":[{"embeddable":true,"href":"https:\/\/mc-genuineparts.de\/index.php?rest_route=\/wp\/v2\/media\/151263"}],"wp:attachment":[{"href":"https:\/\/mc-genuineparts.de\/index.php?rest_route=%2Fwp%2Fv2%2Fmedia&parent=151259"}],"wp:term":[{"taxonomy":"product_brand","embeddable":true,"href":"https:\/\/mc-genuineparts.de\/index.php?rest_route=%2Fwp%2Fv2%2Fproduct_brand&post=151259"},{"taxonomy":"product_cat","embeddable":true,"href":"https:\/\/mc-genuineparts.de\/index.php?rest_route=%2Fwp%2Fv2%2Fproduct_cat&post=151259"},{"taxonomy":"product_tag","embeddable":true,"href":"https:\/\/mc-genuineparts.de\/index.php?rest_route=%2Fwp%2Fv2%2Fproduct_tag&post=151259"}],"curies":[{"name":"wp","href":"https:\/\/api.w.org\/{rel}","templated":true}]}}