{"id":151437,"date":"2025-12-12T10:25:57","date_gmt":"2025-12-12T09:25:57","guid":{"rendered":"https:\/\/mc-genuineparts.de\/?post_type=product&#038;p=151437"},"modified":"2025-12-12T10:25:58","modified_gmt":"2025-12-12T09:25:58","slug":"satteltaschen-fuer-harley-von-young-khoj","status":"publish","type":"product","link":"https:\/\/mc-genuineparts.de\/?product=satteltaschen-fuer-harley-von-young-khoj","title":{"rendered":"Satteltaschen f\u00fcr Harley von Young Khoj"},"content":{"rendered":"<p>Diese Satteltaschen von Young Khoj sind gebraucht mit Gebrauchsspuren, siehe Fotos.<\/p>\n<p>An einer Stelle lockert sich die Naht.<\/p>\n<p>Die Taschen sind unterschiedlich gro\u00df.<\/p>\n<p>Eine ist ca. 24 cm lang, 17 cm hoch und ca. 7 cm tief.<\/p>\n<p>Die andere ist ca. 24 cm lang, 21 cm hoch und ca. 7 cm tief.<\/p>\n<p>Die jeweilige Halterung hat einen Lochabstand von ca. 19 cm, Mitte Loch zu Mitte Loch gemessen.<\/p>\n<p>Einen Schlie\u00dfmechanismus haben diese Taschen nicht. Sie m\u00fcssten mit einem Lederband oder \u00e4hnlichem zugebunden werden.<\/p>\n<p>&nbsp;<\/p>\n","protected":false},"excerpt":{"rendered":"<p>Satteltaschen f\u00fcr Harley von Young Khoj<\/p>\n","protected":false},"featured_media":151439,"template":"","meta":[],"product_brand":[],"product_cat":[958,4642],"product_tag":[58,65,78,69,232],"class_list":{"0":"post-151437","1":"product","2":"type-product","3":"status-publish","6":"product_cat-gepaeck-und-werkzeugrolle","7":"product_cat-mc-genuineparts","8":"product_tag-dyna","9":"product_tag-harley","10":"product_tag-softail","11":"product_tag-touring","12":"product_tag-werkzeugtasche","14":"first","15":"instock","16":"purchasable","17":"product-type-simple"},"jetpack_sharing_enabled":true,"_links":{"self":[{"href":"https:\/\/mc-genuineparts.de\/index.php?rest_route=\/wp\/v2\/product\/151437","targetHints":{"allow":["GET"]}}],"collection":[{"href":"https:\/\/mc-genuineparts.de\/index.php?rest_route=\/wp\/v2\/product"}],"about":[{"href":"https:\/\/mc-genuineparts.de\/index.php?rest_route=\/wp\/v2\/types\/product"}],"wp:featuredmedia":[{"embeddable":true,"href":"https:\/\/mc-genuineparts.de\/index.php?rest_route=\/wp\/v2\/media\/151439"}],"wp:attachment":[{"href":"https:\/\/mc-genuineparts.de\/index.php?rest_route=%2Fwp%2Fv2%2Fmedia&parent=151437"}],"wp:term":[{"taxonomy":"product_brand","embeddable":true,"href":"https:\/\/mc-genuineparts.de\/index.php?rest_route=%2Fwp%2Fv2%2Fproduct_brand&post=151437"},{"taxonomy":"product_cat","embeddable":true,"href":"https:\/\/mc-genuineparts.de\/index.php?rest_route=%2Fwp%2Fv2%2Fproduct_cat&post=151437"},{"taxonomy":"product_tag","embeddable":true,"href":"https:\/\/mc-genuineparts.de\/index.php?rest_route=%2Fwp%2Fv2%2Fproduct_tag&post=151437"}],"curies":[{"name":"wp","href":"https:\/\/api.w.org\/{rel}","templated":true}]}}