{"id":151480,"date":"2025-12-12T12:58:22","date_gmt":"2025-12-12T11:58:22","guid":{"rendered":"https:\/\/mc-genuineparts.de\/?post_type=product&#038;p=151480"},"modified":"2026-01-22T12:29:57","modified_gmt":"2026-01-22T11:29:57","slug":"beifahrer-fussrasten-fuer-harley-softail-1986-2017-von-kueryakyn","status":"publish","type":"product","link":"https:\/\/mc-genuineparts.de\/?product=beifahrer-fussrasten-fuer-harley-softail-1986-2017-von-kueryakyn","title":{"rendered":"Harley Softail Beifahrer Fu\u00dfrasten Bj. 1986 &#8211; 2017 von K\u00fcryakyn"},"content":{"rendered":"<p>Diese Beifahrer Fu\u00dfrasten sind passend an alle Harley Softail Modelle ab Baujahr 1986 &#8211; 2017.<\/p>\n<p>Die Fu\u00dfrasten sind gebraucht, aber noch in einem sehr gutenZustand.<\/p>\n","protected":false},"excerpt":{"rendered":"<p>Beifahrer Fu\u00dfrasten f\u00fcr Harley Softail 1986 &#8211; 2017 von K\u00fcryakyn<\/p>\n","protected":false},"featured_media":151485,"template":"","meta":[],"product_brand":[],"product_cat":[970,910],"product_tag":[217,65],"class_list":{"0":"post-151480","1":"product","2":"type-product","3":"status-publish","6":"product_cat-fussrasten-trittbretter","7":"product_cat-h-d-softail","8":"product_tag-fussrasten","9":"product_tag-harley","11":"first","12":"instock","13":"purchasable","14":"product-type-simple"},"jetpack_sharing_enabled":true,"_links":{"self":[{"href":"https:\/\/mc-genuineparts.de\/index.php?rest_route=\/wp\/v2\/product\/151480","targetHints":{"allow":["GET"]}}],"collection":[{"href":"https:\/\/mc-genuineparts.de\/index.php?rest_route=\/wp\/v2\/product"}],"about":[{"href":"https:\/\/mc-genuineparts.de\/index.php?rest_route=\/wp\/v2\/types\/product"}],"wp:featuredmedia":[{"embeddable":true,"href":"https:\/\/mc-genuineparts.de\/index.php?rest_route=\/wp\/v2\/media\/151485"}],"wp:attachment":[{"href":"https:\/\/mc-genuineparts.de\/index.php?rest_route=%2Fwp%2Fv2%2Fmedia&parent=151480"}],"wp:term":[{"taxonomy":"product_brand","embeddable":true,"href":"https:\/\/mc-genuineparts.de\/index.php?rest_route=%2Fwp%2Fv2%2Fproduct_brand&post=151480"},{"taxonomy":"product_cat","embeddable":true,"href":"https:\/\/mc-genuineparts.de\/index.php?rest_route=%2Fwp%2Fv2%2Fproduct_cat&post=151480"},{"taxonomy":"product_tag","embeddable":true,"href":"https:\/\/mc-genuineparts.de\/index.php?rest_route=%2Fwp%2Fv2%2Fproduct_tag&post=151480"}],"curies":[{"name":"wp","href":"https:\/\/api.w.org\/{rel}","templated":true}]}}