{"id":151489,"date":"2025-12-15T12:34:43","date_gmt":"2025-12-15T11:34:43","guid":{"rendered":"https:\/\/mc-genuineparts.de\/?post_type=product&#038;p=151489"},"modified":"2025-12-15T12:34:44","modified_gmt":"2025-12-15T11:34:44","slug":"harley-sissybar-mit-gepaecktraeger-fuer-softail-ab-baujahr-2008","status":"publish","type":"product","link":"https:\/\/mc-genuineparts.de\/?product=harley-sissybar-mit-gepaecktraeger-fuer-softail-ab-baujahr-2008","title":{"rendered":"Harley Sissybar mit Gep\u00e4cktr\u00e4ger f\u00fcr Softail ab Baujahr 2008"},"content":{"rendered":"<p>Diese Sissybar mit Gep\u00e4cktr\u00e4ger wurde von einer 2008er Softail Fat Boy abmontiert und ist in einem sehr guten Zustand!<\/p>\n<p>Es sind keine Besch\u00e4digungen vorhanden, siehe Fotos.<\/p>\n<p>Das Zwischenma\u00df an der Aufnahme \/ Breite Fender betr\u00e4gt ca. 22,5 cm.<\/p>\n<p>Der Gep\u00e4cktr\u00e4ger ist 20 cm breit und ca. 29,5 cm lang, die Traglast betr\u00e4gt max. 5 kg.<\/p>\n<p>&nbsp;<\/p>\n<p>&nbsp;<\/p>\n","protected":false},"excerpt":{"rendered":"<p>Harley Sissybar mit Gep\u00e4cktr\u00e4ger f\u00fcr Softail ab Baujahr 2008<\/p>\n","protected":false},"featured_media":151491,"template":"","meta":[],"product_brand":[],"product_cat":[910,911],"product_tag":[122,196,65,185,78],"class_list":{"0":"post-151489","1":"product","2":"type-product","3":"status-publish","6":"product_cat-h-d-softail","7":"product_cat-softail-twin-cam-2007-2017","8":"product_tag-fat-boy","9":"product_tag-gepaecktraeger","10":"product_tag-harley","11":"product_tag-sissybar","12":"product_tag-softail","14":"first","15":"instock","16":"purchasable","17":"product-type-simple"},"jetpack_sharing_enabled":true,"_links":{"self":[{"href":"https:\/\/mc-genuineparts.de\/index.php?rest_route=\/wp\/v2\/product\/151489","targetHints":{"allow":["GET"]}}],"collection":[{"href":"https:\/\/mc-genuineparts.de\/index.php?rest_route=\/wp\/v2\/product"}],"about":[{"href":"https:\/\/mc-genuineparts.de\/index.php?rest_route=\/wp\/v2\/types\/product"}],"wp:featuredmedia":[{"embeddable":true,"href":"https:\/\/mc-genuineparts.de\/index.php?rest_route=\/wp\/v2\/media\/151491"}],"wp:attachment":[{"href":"https:\/\/mc-genuineparts.de\/index.php?rest_route=%2Fwp%2Fv2%2Fmedia&parent=151489"}],"wp:term":[{"taxonomy":"product_brand","embeddable":true,"href":"https:\/\/mc-genuineparts.de\/index.php?rest_route=%2Fwp%2Fv2%2Fproduct_brand&post=151489"},{"taxonomy":"product_cat","embeddable":true,"href":"https:\/\/mc-genuineparts.de\/index.php?rest_route=%2Fwp%2Fv2%2Fproduct_cat&post=151489"},{"taxonomy":"product_tag","embeddable":true,"href":"https:\/\/mc-genuineparts.de\/index.php?rest_route=%2Fwp%2Fv2%2Fproduct_tag&post=151489"}],"curies":[{"name":"wp","href":"https:\/\/api.w.org\/{rel}","templated":true}]}}