{"id":151502,"date":"2025-12-15T12:56:07","date_gmt":"2025-12-15T11:56:07","guid":{"rendered":"https:\/\/mc-genuineparts.de\/?post_type=product&#038;p=151502"},"modified":"2025-12-15T12:56:08","modified_gmt":"2025-12-15T11:56:08","slug":"satteltaschen-ueberwurftaschen-universell-fuer-harley-yamaha-honda","status":"publish","type":"product","link":"https:\/\/mc-genuineparts.de\/?product=satteltaschen-ueberwurftaschen-universell-fuer-harley-yamaha-honda","title":{"rendered":"Satteltaschen\/ \u00dcberwurftaschen universell f\u00fcr Harley\/ Yamaha\/ Honda"},"content":{"rendered":"<p>Diese gebrauchten Satteltaschen sind f\u00fcr diverse Chopper Motorr\u00e4der geeignet, wie z.B.:<\/p>\n<p>Harley-Davidson, Yamaha oder Honda<\/p>\n<p>Die \u00dcberwurflasche ist auf das jeweilige Motorrad einstellbar.<\/p>\n<p>Die einzelne Satteltasche kann auch durch einen Rei\u00dfverschlu\u00df abgenommen werden.<\/p>\n<p>Die Taschen sind gebraucht.<\/p>\n<p>Leider haben sie an der Fl\u00e4che zum Motorrad hin jeweils eine Besch\u00e4digung, weil sie zu nah am Auspuff montiert waren, siehe Fotos.<\/p>\n<p>Die Schnellverschl\u00fcsse, Laschen und N\u00e4hte sind noch voll funktionsf\u00e4hig und in einem gute Zustand!<\/p>\n<p>Die Taschen sind jeweils ca. 42 cm lang, ca. 17 cm breit und ca. 29 cm hoch.<\/p>\n<p>&nbsp;<\/p>\n<p>&nbsp;<\/p>\n<p>&nbsp;<\/p>\n<p>&nbsp;<\/p>\n","protected":false},"excerpt":{"rendered":"<p>Satteltaschen\/ \u00dcberwurftaschen universell f\u00fcr Harley\/ Yamaha\/ Honda<\/p>\n","protected":false},"featured_media":151504,"template":"","meta":[],"product_brand":[],"product_cat":[958,4642],"product_tag":[58,65,78,232],"class_list":{"0":"post-151502","1":"product","2":"type-product","3":"status-publish","6":"product_cat-gepaeck-und-werkzeugrolle","7":"product_cat-mc-genuineparts","8":"product_tag-dyna","9":"product_tag-harley","10":"product_tag-softail","11":"product_tag-werkzeugtasche","13":"first","14":"instock","15":"purchasable","16":"product-type-simple"},"jetpack_sharing_enabled":true,"_links":{"self":[{"href":"https:\/\/mc-genuineparts.de\/index.php?rest_route=\/wp\/v2\/product\/151502","targetHints":{"allow":["GET"]}}],"collection":[{"href":"https:\/\/mc-genuineparts.de\/index.php?rest_route=\/wp\/v2\/product"}],"about":[{"href":"https:\/\/mc-genuineparts.de\/index.php?rest_route=\/wp\/v2\/types\/product"}],"wp:featuredmedia":[{"embeddable":true,"href":"https:\/\/mc-genuineparts.de\/index.php?rest_route=\/wp\/v2\/media\/151504"}],"wp:attachment":[{"href":"https:\/\/mc-genuineparts.de\/index.php?rest_route=%2Fwp%2Fv2%2Fmedia&parent=151502"}],"wp:term":[{"taxonomy":"product_brand","embeddable":true,"href":"https:\/\/mc-genuineparts.de\/index.php?rest_route=%2Fwp%2Fv2%2Fproduct_brand&post=151502"},{"taxonomy":"product_cat","embeddable":true,"href":"https:\/\/mc-genuineparts.de\/index.php?rest_route=%2Fwp%2Fv2%2Fproduct_cat&post=151502"},{"taxonomy":"product_tag","embeddable":true,"href":"https:\/\/mc-genuineparts.de\/index.php?rest_route=%2Fwp%2Fv2%2Fproduct_tag&post=151502"}],"curies":[{"name":"wp","href":"https:\/\/api.w.org\/{rel}","templated":true}]}}