{"id":151543,"date":"2025-12-16T12:17:29","date_gmt":"2025-12-16T11:17:29","guid":{"rendered":"https:\/\/mc-genuineparts.de\/?post_type=product&#038;p=151543"},"modified":"2025-12-16T12:17:30","modified_gmt":"2025-12-16T11:17:30","slug":"auspuff-street-sweeper-fuer-harley-1986-2017","status":"publish","type":"product","link":"https:\/\/mc-genuineparts.de\/?product=auspuff-street-sweeper-fuer-harley-1986-2017","title":{"rendered":"Auspuff Street Sweeper f\u00fcr Harley 1986 &#8211; 2017"},"content":{"rendered":"<p>Dieser Auspuff Street Sweeper ist passend an alle Harley Big Twin Modelle ab Baujahr 1986 &#8211; 2017.<\/p>\n<p>Der Auspuff hat gro\u00dfe Lambdasonden \u00d6ffnungen.<\/p>\n<p>Modelle ab Baujahr 1986 &#8211; 2006 ben\u00f6tigen Plugs, Modelle ab 2012 ben\u00f6tigen Reduzierst\u00fccke.<\/p>\n<p>Der Auspuff wurde von einer 2012er abgebaut und hat Gebrauchsspuren.<\/p>\n<p>Ein Endst\u00fcck ist leider verbogen, siehe Fotos.<\/p>\n","protected":false},"excerpt":{"rendered":"<p>Auspuff Street Sweeper f\u00fcr Harley 1986 &#8211; 2017<\/p>\n","protected":false},"featured_media":151545,"template":"","meta":[],"product_brand":[],"product_cat":[986,910,945,913,911],"product_tag":[119,122,65,78,242],"class_list":{"0":"post-151543","1":"product","2":"type-product","3":"status-publish","6":"product_cat-auspuff-softail-evo-1986-1999","7":"product_cat-h-d-softail","8":"product_cat-softail-evo-1986-1999","9":"product_cat-softail-twin-cam-2000-2006","10":"product_cat-softail-twin-cam-2007-2017","11":"product_tag-auspuff","12":"product_tag-fat-boy","13":"product_tag-harley","14":"product_tag-softail","15":"product_tag-twin-cam","17":"first","18":"instock","19":"purchasable","20":"product-type-simple"},"jetpack_sharing_enabled":true,"_links":{"self":[{"href":"https:\/\/mc-genuineparts.de\/index.php?rest_route=\/wp\/v2\/product\/151543","targetHints":{"allow":["GET"]}}],"collection":[{"href":"https:\/\/mc-genuineparts.de\/index.php?rest_route=\/wp\/v2\/product"}],"about":[{"href":"https:\/\/mc-genuineparts.de\/index.php?rest_route=\/wp\/v2\/types\/product"}],"wp:featuredmedia":[{"embeddable":true,"href":"https:\/\/mc-genuineparts.de\/index.php?rest_route=\/wp\/v2\/media\/151545"}],"wp:attachment":[{"href":"https:\/\/mc-genuineparts.de\/index.php?rest_route=%2Fwp%2Fv2%2Fmedia&parent=151543"}],"wp:term":[{"taxonomy":"product_brand","embeddable":true,"href":"https:\/\/mc-genuineparts.de\/index.php?rest_route=%2Fwp%2Fv2%2Fproduct_brand&post=151543"},{"taxonomy":"product_cat","embeddable":true,"href":"https:\/\/mc-genuineparts.de\/index.php?rest_route=%2Fwp%2Fv2%2Fproduct_cat&post=151543"},{"taxonomy":"product_tag","embeddable":true,"href":"https:\/\/mc-genuineparts.de\/index.php?rest_route=%2Fwp%2Fv2%2Fproduct_tag&post=151543"}],"curies":[{"name":"wp","href":"https:\/\/api.w.org\/{rel}","templated":true}]}}