{"id":151607,"date":"2025-12-18T10:20:18","date_gmt":"2025-12-18T09:20:18","guid":{"rendered":"https:\/\/mc-genuineparts.de\/?post_type=product&#038;p=151607"},"modified":"2025-12-18T10:20:19","modified_gmt":"2025-12-18T09:20:19","slug":"harley-v-rod-getoenter-hauptscheinwerfer-e-geprueft-oem-68880-01","status":"publish","type":"product","link":"https:\/\/mc-genuineparts.de\/?product=harley-v-rod-getoenter-hauptscheinwerfer-e-geprueft-oem-68880-01","title":{"rendered":"Harley V-Rod get\u00f6nter Hauptscheinwerfer E-gepr\u00fcft (OEM 68880-01)"},"content":{"rendered":"<p>Dieser Originale H-D V-Rod get\u00f6nte Hauptscheinwerfer (OEM 68880-01) ist gebraucht mit Gebrauchsspuren,<\/p>\n<p>aber noch in einem sehr guten Zustand.<\/p>\n<p>Die T\u00f6nungsfolie ist an den R\u00e4ndern lediglich etwas wellig, siehe Fotos.<\/p>\n<p>Er ist passend an jede V-Rod.<\/p>\n<p>Der H-D Neupreis betrug ca. \u20ac 317,-<\/p>\n","protected":false},"excerpt":{"rendered":"<p>Harley V-Rod get\u00f6nter Hauptscheinwerfer E-gepr\u00fcft (OEM 68880-01)<\/p>\n","protected":false},"featured_media":151613,"template":"","meta":[],"product_brand":[],"product_cat":[929,917,5619],"product_tag":[128,103,66,106],"class_list":{"0":"post-151607","1":"product","2":"type-product","3":"status-publish","6":"product_cat-beleuchtung","7":"product_cat-v-rod","8":"product_cat-v-rod-night-rod","9":"product_tag-beleuchtung","10":"product_tag-night-rod","11":"product_tag-original-h-d","12":"product_tag-v-rod","14":"first","15":"instock","16":"purchasable","17":"product-type-simple"},"jetpack_sharing_enabled":true,"_links":{"self":[{"href":"https:\/\/mc-genuineparts.de\/index.php?rest_route=\/wp\/v2\/product\/151607","targetHints":{"allow":["GET"]}}],"collection":[{"href":"https:\/\/mc-genuineparts.de\/index.php?rest_route=\/wp\/v2\/product"}],"about":[{"href":"https:\/\/mc-genuineparts.de\/index.php?rest_route=\/wp\/v2\/types\/product"}],"wp:featuredmedia":[{"embeddable":true,"href":"https:\/\/mc-genuineparts.de\/index.php?rest_route=\/wp\/v2\/media\/151613"}],"wp:attachment":[{"href":"https:\/\/mc-genuineparts.de\/index.php?rest_route=%2Fwp%2Fv2%2Fmedia&parent=151607"}],"wp:term":[{"taxonomy":"product_brand","embeddable":true,"href":"https:\/\/mc-genuineparts.de\/index.php?rest_route=%2Fwp%2Fv2%2Fproduct_brand&post=151607"},{"taxonomy":"product_cat","embeddable":true,"href":"https:\/\/mc-genuineparts.de\/index.php?rest_route=%2Fwp%2Fv2%2Fproduct_cat&post=151607"},{"taxonomy":"product_tag","embeddable":true,"href":"https:\/\/mc-genuineparts.de\/index.php?rest_route=%2Fwp%2Fv2%2Fproduct_tag&post=151607"}],"curies":[{"name":"wp","href":"https:\/\/api.w.org\/{rel}","templated":true}]}}