{"id":151618,"date":"2025-12-18T11:03:52","date_gmt":"2025-12-18T10:03:52","guid":{"rendered":"https:\/\/mc-genuineparts.de\/?post_type=product&#038;p=151618"},"modified":"2025-12-18T11:03:53","modified_gmt":"2025-12-18T10:03:53","slug":"led-ruecklicht-und-blinker-einsaetze-fuer-harley-1983-2017","status":"publish","type":"product","link":"https:\/\/mc-genuineparts.de\/?product=led-ruecklicht-und-blinker-einsaetze-fuer-harley-1983-2017","title":{"rendered":"LED R\u00fccklicht und Blinker Eins\u00e4tze f\u00fcr Harley 1983 &#8211; 2017"},"content":{"rendered":"<p>Dieses Set ist bestehend aus einem LED R\u00fccklicht Einsatz und 4 LED Blinker Eins\u00e4tze.<\/p>\n<p>Das Set wurde von einer FLSTC Heritage abgebaut und ist passend an H-D Modelle 1983 &#8211; 2017.<\/p>\n<p>Die Gl\u00e4ser sind alle unbesch\u00e4digt, siehe Fotos.<\/p>\n","protected":false},"excerpt":{"rendered":"<p>LED R\u00fccklicht und Blinker Eins\u00e4tze f\u00fcr Harley 1983 &#8211; 2017<\/p>\n","protected":false},"featured_media":151620,"template":"","meta":[],"product_brand":[],"product_cat":[4642,929,902,910],"product_tag":[128,58,122,65,154,123,78],"class_list":{"0":"post-151618","1":"product","2":"type-product","3":"status-publish","6":"product_cat-mc-genuineparts","7":"product_cat-beleuchtung","8":"product_cat-h-d-dyna","9":"product_cat-h-d-softail","10":"product_tag-beleuchtung","11":"product_tag-dyna","12":"product_tag-fat-boy","13":"product_tag-harley","14":"product_tag-heck","15":"product_tag-heritage","16":"product_tag-softail","18":"first","19":"instock","20":"purchasable","21":"product-type-simple"},"jetpack_sharing_enabled":true,"_links":{"self":[{"href":"https:\/\/mc-genuineparts.de\/index.php?rest_route=\/wp\/v2\/product\/151618","targetHints":{"allow":["GET"]}}],"collection":[{"href":"https:\/\/mc-genuineparts.de\/index.php?rest_route=\/wp\/v2\/product"}],"about":[{"href":"https:\/\/mc-genuineparts.de\/index.php?rest_route=\/wp\/v2\/types\/product"}],"wp:featuredmedia":[{"embeddable":true,"href":"https:\/\/mc-genuineparts.de\/index.php?rest_route=\/wp\/v2\/media\/151620"}],"wp:attachment":[{"href":"https:\/\/mc-genuineparts.de\/index.php?rest_route=%2Fwp%2Fv2%2Fmedia&parent=151618"}],"wp:term":[{"taxonomy":"product_brand","embeddable":true,"href":"https:\/\/mc-genuineparts.de\/index.php?rest_route=%2Fwp%2Fv2%2Fproduct_brand&post=151618"},{"taxonomy":"product_cat","embeddable":true,"href":"https:\/\/mc-genuineparts.de\/index.php?rest_route=%2Fwp%2Fv2%2Fproduct_cat&post=151618"},{"taxonomy":"product_tag","embeddable":true,"href":"https:\/\/mc-genuineparts.de\/index.php?rest_route=%2Fwp%2Fv2%2Fproduct_tag&post=151618"}],"curies":[{"name":"wp","href":"https:\/\/api.w.org\/{rel}","templated":true}]}}