{"id":151644,"date":"2026-01-08T11:15:18","date_gmt":"2026-01-08T10:15:18","guid":{"rendered":"https:\/\/mc-genuineparts.de\/?post_type=product&#038;p=151644"},"modified":"2026-01-08T11:15:18","modified_gmt":"2026-01-08T10:15:18","slug":"kawasaki-orig-sissybar-mit-gepaecktraeger-fuer-1500er-vulcan","status":"publish","type":"product","link":"https:\/\/mc-genuineparts.de\/?product=kawasaki-orig-sissybar-mit-gepaecktraeger-fuer-1500er-vulcan","title":{"rendered":"Kawasaki Orig. Sissybar mit Gep\u00e4cktr\u00e4ger f\u00fcr 1500er Vulcan"},"content":{"rendered":"<p>Diese Orig. Kawasaki Sissybar mit Gep\u00e4cktr\u00e4ger ist passend an 1500er Vulcan Modelle.<\/p>\n<p>Sie ist gebraucht mit Gebrauchsspuren, siehe Fotos.<\/p>\n<p>Der Gep\u00e4cktr\u00e4ger ist mittig ca. 22 cm breit und ca. 27,5 cm lang.<\/p>\n","protected":false},"excerpt":{"rendered":"<p>Kawasaki Orig. Sissybar mit Gep\u00e4cktr\u00e4ger f\u00fcr 1500er Vulcan<\/p>\n","protected":false},"featured_media":151646,"template":"","meta":[],"product_brand":[],"product_cat":[952],"product_tag":[196,290,185],"class_list":{"0":"post-151644","1":"product","2":"type-product","3":"status-publish","6":"product_cat-rahmen-und-zubehoer-h-d-touring-ab-2009","7":"product_tag-gepaecktraeger","8":"product_tag-rueckenlehne","9":"product_tag-sissybar","11":"first","12":"instock","13":"purchasable","14":"product-type-simple"},"jetpack_sharing_enabled":true,"_links":{"self":[{"href":"https:\/\/mc-genuineparts.de\/index.php?rest_route=\/wp\/v2\/product\/151644","targetHints":{"allow":["GET"]}}],"collection":[{"href":"https:\/\/mc-genuineparts.de\/index.php?rest_route=\/wp\/v2\/product"}],"about":[{"href":"https:\/\/mc-genuineparts.de\/index.php?rest_route=\/wp\/v2\/types\/product"}],"wp:featuredmedia":[{"embeddable":true,"href":"https:\/\/mc-genuineparts.de\/index.php?rest_route=\/wp\/v2\/media\/151646"}],"wp:attachment":[{"href":"https:\/\/mc-genuineparts.de\/index.php?rest_route=%2Fwp%2Fv2%2Fmedia&parent=151644"}],"wp:term":[{"taxonomy":"product_brand","embeddable":true,"href":"https:\/\/mc-genuineparts.de\/index.php?rest_route=%2Fwp%2Fv2%2Fproduct_brand&post=151644"},{"taxonomy":"product_cat","embeddable":true,"href":"https:\/\/mc-genuineparts.de\/index.php?rest_route=%2Fwp%2Fv2%2Fproduct_cat&post=151644"},{"taxonomy":"product_tag","embeddable":true,"href":"https:\/\/mc-genuineparts.de\/index.php?rest_route=%2Fwp%2Fv2%2Fproduct_tag&post=151644"}],"curies":[{"name":"wp","href":"https:\/\/api.w.org\/{rel}","templated":true}]}}