{"id":151754,"date":"2026-01-12T11:23:41","date_gmt":"2026-01-12T10:23:41","guid":{"rendered":"https:\/\/mc-genuineparts.de\/?post_type=product&#038;p=151754"},"modified":"2026-01-12T11:25:23","modified_gmt":"2026-01-12T10:25:23","slug":"gepaeck-ueberwurftaschen-fuer-harley-und-andere-cruiser","status":"publish","type":"product","link":"https:\/\/mc-genuineparts.de\/?product=gepaeck-ueberwurftaschen-fuer-harley-und-andere-cruiser","title":{"rendered":"Gep\u00e4ck-\u00dcberwurftaschen f\u00fcr Harley und andere Cruiser"},"content":{"rendered":"<p>Diese \u00dcberwurftaschen f\u00fcr diverse Cruiser Modelle sind gebraucht und haben starke Gebrauchsspuren.<\/p>\n<p>Hervorzuheben sind die Besch\u00e4digungen an den unteren Innenseiten, siehe Fotos.<\/p>\n<p>Aktuell ist die Einstellung der \u00dcberwurflasche durch Nieten fixiert,<\/p>\n<p>diese k\u00f6nnen entfernt und z.B. durch eine individuelle Schn\u00fcrung ersetzt werden.<\/p>\n<p>Die Taschen haben au\u00dfen noch jeweils kleine Verstaum\u00f6glichkeiten.<\/p>\n<p>Eine Tasche ist ca. 30 cm lang, ca. 25 cm breit und ca. 13cm tief.<\/p>\n<p>&nbsp;<\/p>\n","protected":false},"excerpt":{"rendered":"<p>Gep\u00e4ck-\u00dcberwurftaschen f\u00fcr Harley und andere Cruiser<\/p>\n","protected":false},"featured_media":151757,"template":"","meta":[],"product_brand":[],"product_cat":[899,958,902,910,905],"product_tag":[58,65,78,83,69,232],"class_list":{"0":"post-151754","1":"product","2":"type-product","3":"status-publish","6":"product_cat-h-d-touring","7":"product_cat-gepaeck-und-werkzeugrolle","8":"product_cat-h-d-dyna","9":"product_cat-h-d-softail","10":"product_cat-h-d-sportster","11":"product_tag-dyna","12":"product_tag-harley","13":"product_tag-softail","14":"product_tag-sportster","15":"product_tag-touring","16":"product_tag-werkzeugtasche","18":"first","19":"instock","20":"purchasable","21":"product-type-simple"},"jetpack_sharing_enabled":true,"_links":{"self":[{"href":"https:\/\/mc-genuineparts.de\/index.php?rest_route=\/wp\/v2\/product\/151754","targetHints":{"allow":["GET"]}}],"collection":[{"href":"https:\/\/mc-genuineparts.de\/index.php?rest_route=\/wp\/v2\/product"}],"about":[{"href":"https:\/\/mc-genuineparts.de\/index.php?rest_route=\/wp\/v2\/types\/product"}],"wp:featuredmedia":[{"embeddable":true,"href":"https:\/\/mc-genuineparts.de\/index.php?rest_route=\/wp\/v2\/media\/151757"}],"wp:attachment":[{"href":"https:\/\/mc-genuineparts.de\/index.php?rest_route=%2Fwp%2Fv2%2Fmedia&parent=151754"}],"wp:term":[{"taxonomy":"product_brand","embeddable":true,"href":"https:\/\/mc-genuineparts.de\/index.php?rest_route=%2Fwp%2Fv2%2Fproduct_brand&post=151754"},{"taxonomy":"product_cat","embeddable":true,"href":"https:\/\/mc-genuineparts.de\/index.php?rest_route=%2Fwp%2Fv2%2Fproduct_cat&post=151754"},{"taxonomy":"product_tag","embeddable":true,"href":"https:\/\/mc-genuineparts.de\/index.php?rest_route=%2Fwp%2Fv2%2Fproduct_tag&post=151754"}],"curies":[{"name":"wp","href":"https:\/\/api.w.org\/{rel}","templated":true}]}}