{"id":151836,"date":"2026-01-15T10:32:05","date_gmt":"2026-01-15T09:32:05","guid":{"rendered":"https:\/\/mc-genuineparts.de\/?post_type=product&#038;p=151836"},"modified":"2026-01-15T10:32:05","modified_gmt":"2026-01-15T09:32:05","slug":"gepaecktaschen-universell-fuer-harley-und-div-cruiser-mit-dyna-halterungen","status":"publish","type":"product","link":"https:\/\/mc-genuineparts.de\/?product=gepaecktaschen-universell-fuer-harley-und-div-cruiser-mit-dyna-halterungen","title":{"rendered":"Gep\u00e4cktaschen Universell f\u00fcr Harley und div. Cruiser mit Dyna Halterungen"},"content":{"rendered":"<p>Die Gep\u00e4cktaschen von Willie &amp; Max (#58701-20) wurden von einer Harley Dyna Baujahr 2011 abgebaut.<\/p>\n<p>Davon sind auch die Halterungen und passen an Dyna Modelle ab Baujahr 2006 &#8211; 2017.<\/p>\n<p>Die Taschen sind gebraucht mit Gebrauchsspuren, siehe Fotos.<\/p>\n<p>Die N\u00e4hte, Schnellverschl\u00fcsse und Rei\u00dfverschl\u00fcsse sind noch ok.<\/p>\n<p>Die Taschen k\u00f6nnen, dadurch das sie Rei\u00dfverschl\u00fcsse zur \u00dcberwurflasche hin haben, einzeln abgenommen werden.<\/p>\n<p>Abgesehen von den Halterungen sind die Gep\u00e4cktaschen universell<\/p>\n<p>f\u00fcr Harley und an diverser anderer Cruiser Modelle verwendbar.<\/p>\n<p>Eine Tasche ist ca. 31 cm hoch, ca. 33 cm breit und ca. 13,5 cm tief.<\/p>\n<p>&nbsp;<\/p>\n<p>&nbsp;<\/p>\n","protected":false},"excerpt":{"rendered":"<p>Gep\u00e4cktaschen Universell f\u00fcr Harley und div. Cruiser mit Dyna Halterungen<\/p>\n","protected":false},"featured_media":151840,"template":"","meta":[],"product_brand":[],"product_cat":[958,902],"product_tag":[58,65,78,83,69,232],"class_list":{"0":"post-151836","1":"product","2":"type-product","3":"status-publish","6":"product_cat-gepaeck-und-werkzeugrolle","7":"product_cat-h-d-dyna","8":"product_tag-dyna","9":"product_tag-harley","10":"product_tag-softail","11":"product_tag-sportster","12":"product_tag-touring","13":"product_tag-werkzeugtasche","15":"first","16":"instock","17":"purchasable","18":"product-type-simple"},"jetpack_sharing_enabled":true,"_links":{"self":[{"href":"https:\/\/mc-genuineparts.de\/index.php?rest_route=\/wp\/v2\/product\/151836","targetHints":{"allow":["GET"]}}],"collection":[{"href":"https:\/\/mc-genuineparts.de\/index.php?rest_route=\/wp\/v2\/product"}],"about":[{"href":"https:\/\/mc-genuineparts.de\/index.php?rest_route=\/wp\/v2\/types\/product"}],"wp:featuredmedia":[{"embeddable":true,"href":"https:\/\/mc-genuineparts.de\/index.php?rest_route=\/wp\/v2\/media\/151840"}],"wp:attachment":[{"href":"https:\/\/mc-genuineparts.de\/index.php?rest_route=%2Fwp%2Fv2%2Fmedia&parent=151836"}],"wp:term":[{"taxonomy":"product_brand","embeddable":true,"href":"https:\/\/mc-genuineparts.de\/index.php?rest_route=%2Fwp%2Fv2%2Fproduct_brand&post=151836"},{"taxonomy":"product_cat","embeddable":true,"href":"https:\/\/mc-genuineparts.de\/index.php?rest_route=%2Fwp%2Fv2%2Fproduct_cat&post=151836"},{"taxonomy":"product_tag","embeddable":true,"href":"https:\/\/mc-genuineparts.de\/index.php?rest_route=%2Fwp%2Fv2%2Fproduct_tag&post=151836"}],"curies":[{"name":"wp","href":"https:\/\/api.w.org\/{rel}","templated":true}]}}