{"id":151962,"date":"2026-02-03T11:05:56","date_gmt":"2026-02-03T10:05:56","guid":{"rendered":"https:\/\/mc-genuineparts.de\/?post_type=product&#038;p=151962"},"modified":"2026-04-27T11:12:30","modified_gmt":"2026-04-27T09:12:30","slug":"harley-screamin-eagle-auspuff-endtoepfe-98473-06-98474-06","status":"publish","type":"product","link":"https:\/\/mc-genuineparts.de\/?product=harley-screamin-eagle-auspuff-endtoepfe-98473-06-98474-06","title":{"rendered":"Harley Screamin&#8216; Eagle Auspuff Endt\u00f6pfe f\u00fcr Dyna"},"content":{"rendered":"<p>Diese Screamin&#8216; Eagle Endt\u00f6pfe sind passend f\u00fcr Dyna Modelle ab Baujahr 1999-2017<\/p>\n<p>Leider haben sie starke Gebrauchsspuren mit tiefen Kratzern und Schrammen, siehe Fotos.<\/p>\n<p>Die Anschl\u00fcsse zum Kr\u00fcmmer haben einen Durchmesser von jeweils 44 mm.<\/p>\n","protected":false},"excerpt":{"rendered":"<p>Harley Screamin&#8216; Eagle Auspuff Endt\u00f6pfe f\u00fcr Dyna<\/p>\n","protected":false},"featured_media":151964,"template":"","meta":[],"product_brand":[],"product_cat":[902,923],"product_tag":[119,58,65,242],"class_list":{"0":"post-151962","1":"product","2":"type-product","3":"status-publish","6":"product_cat-h-d-dyna","7":"product_cat-auspuff-dyna-2006-2017","8":"product_tag-auspuff","9":"product_tag-dyna","10":"product_tag-harley","11":"product_tag-twin-cam","13":"first","14":"instock","15":"purchasable","16":"product-type-simple"},"jetpack_sharing_enabled":true,"_links":{"self":[{"href":"https:\/\/mc-genuineparts.de\/index.php?rest_route=\/wp\/v2\/product\/151962","targetHints":{"allow":["GET"]}}],"collection":[{"href":"https:\/\/mc-genuineparts.de\/index.php?rest_route=\/wp\/v2\/product"}],"about":[{"href":"https:\/\/mc-genuineparts.de\/index.php?rest_route=\/wp\/v2\/types\/product"}],"wp:featuredmedia":[{"embeddable":true,"href":"https:\/\/mc-genuineparts.de\/index.php?rest_route=\/wp\/v2\/media\/151964"}],"wp:attachment":[{"href":"https:\/\/mc-genuineparts.de\/index.php?rest_route=%2Fwp%2Fv2%2Fmedia&parent=151962"}],"wp:term":[{"taxonomy":"product_brand","embeddable":true,"href":"https:\/\/mc-genuineparts.de\/index.php?rest_route=%2Fwp%2Fv2%2Fproduct_brand&post=151962"},{"taxonomy":"product_cat","embeddable":true,"href":"https:\/\/mc-genuineparts.de\/index.php?rest_route=%2Fwp%2Fv2%2Fproduct_cat&post=151962"},{"taxonomy":"product_tag","embeddable":true,"href":"https:\/\/mc-genuineparts.de\/index.php?rest_route=%2Fwp%2Fv2%2Fproduct_tag&post=151962"}],"curies":[{"name":"wp","href":"https:\/\/api.w.org\/{rel}","templated":true}]}}