{"id":153103,"date":"2026-03-12T10:21:22","date_gmt":"2026-03-12T09:21:22","guid":{"rendered":"https:\/\/mc-genuineparts.de\/?post_type=product&#038;p=153103"},"modified":"2026-03-12T10:21:23","modified_gmt":"2026-03-12T09:21:23","slug":"harley-touring-stossdaempfer-low-oem-54000114-rh-54000096-lh","status":"publish","type":"product","link":"https:\/\/mc-genuineparts.de\/?product=harley-touring-stossdaempfer-low-oem-54000114-rh-54000096-lh","title":{"rendered":"Harley Touring Sto\u00dfd\u00e4mpfer LOW (OEM 54000114 RH, 54000096 LH)"},"content":{"rendered":"<p>Diese Original H-D Touring Sto\u00dfd\u00e4mpfer (OEM 54000114 RH, 54000096 LH) sind passend an<\/p>\n<p>Touring Modelle ab\u00a0Baujahr 2017 &#8211; 2023.<\/p>\n<p>Die Sto\u00dfd\u00e4mpfer sind gebraucht, aber noch in einem neuwertigen Zustand, siehe Fotos.<\/p>\n<p>Sie wurden wegen Umbau ausgetauscht.<\/p>\n<p>Original wurden sie an folgende Modelle verbaut:<\/p>\n<p>FLH Revival 2021<\/p>\n<p>FLHFB E-Glide Highway King 2023<\/p>\n<p>FLHRXS Road Glide Special 2017 &#8211; 2023<\/p>\n<p>Der H-D Neupreis von dem rechten Sto\u00dfd\u00e4mpfers betr\u00e4gt \u20ac 343,- und vom linken \u20ac 551,-.<\/p>\n<p>&nbsp;<\/p>\n<p>&nbsp;<\/p>\n<p>&nbsp;<\/p>\n","protected":false},"excerpt":{"rendered":"<p>Harley Touring Sto\u00dfd\u00e4mpfer LOW (OEM 54000114 RH, 54000096 LH)<\/p>\n","protected":false},"featured_media":153106,"template":"","meta":[],"product_brand":[9373],"product_cat":[899,951],"product_tag":[70,66,9480,69],"class_list":{"0":"post-153103","1":"product","2":"type-product","3":"status-publish","6":"product_brand-harley-davidson","7":"product_cat-h-d-touring","8":"product_cat-rahmen-und-zubehoer-h-d-touring-1996-2008","9":"product_tag-e-glide","10":"product_tag-original-h-d","11":"product_tag-road-glide","12":"product_tag-touring","14":"first","15":"instock","16":"purchasable","17":"product-type-simple"},"jetpack_sharing_enabled":true,"_links":{"self":[{"href":"https:\/\/mc-genuineparts.de\/index.php?rest_route=\/wp\/v2\/product\/153103","targetHints":{"allow":["GET"]}}],"collection":[{"href":"https:\/\/mc-genuineparts.de\/index.php?rest_route=\/wp\/v2\/product"}],"about":[{"href":"https:\/\/mc-genuineparts.de\/index.php?rest_route=\/wp\/v2\/types\/product"}],"wp:featuredmedia":[{"embeddable":true,"href":"https:\/\/mc-genuineparts.de\/index.php?rest_route=\/wp\/v2\/media\/153106"}],"wp:attachment":[{"href":"https:\/\/mc-genuineparts.de\/index.php?rest_route=%2Fwp%2Fv2%2Fmedia&parent=153103"}],"wp:term":[{"taxonomy":"product_brand","embeddable":true,"href":"https:\/\/mc-genuineparts.de\/index.php?rest_route=%2Fwp%2Fv2%2Fproduct_brand&post=153103"},{"taxonomy":"product_cat","embeddable":true,"href":"https:\/\/mc-genuineparts.de\/index.php?rest_route=%2Fwp%2Fv2%2Fproduct_cat&post=153103"},{"taxonomy":"product_tag","embeddable":true,"href":"https:\/\/mc-genuineparts.de\/index.php?rest_route=%2Fwp%2Fv2%2Fproduct_tag&post=153103"}],"curies":[{"name":"wp","href":"https:\/\/api.w.org\/{rel}","templated":true}]}}