{"id":153165,"date":"2026-03-13T13:19:50","date_gmt":"2026-03-13T12:19:50","guid":{"rendered":"https:\/\/mc-genuineparts.de\/?post_type=product&#038;p=153165"},"modified":"2026-03-13T13:19:50","modified_gmt":"2026-03-13T12:19:50","slug":"harley-bremsgestaenge-fuer-vorverlegte-fussrasten","status":"publish","type":"product","link":"https:\/\/mc-genuineparts.de\/?product=harley-bremsgestaenge-fuer-vorverlegte-fussrasten","title":{"rendered":"Harley Bremsgest\u00e4nge f\u00fcr vorverlegte Fu\u00dfrasten"},"content":{"rendered":"<p>Dieses Bremsgest\u00e4nge ist f\u00fcr vorverlegte Fu\u00dfrasten Anlagen und gebraucht mit Gebrauchsspuren, siehe Fotos.<\/p>\n","protected":false},"excerpt":{"rendered":"<p>Harley Bremsgest\u00e4nge f\u00fcr vorverlegte Fu\u00dfrasten<\/p>\n","protected":false},"featured_media":153167,"template":"","meta":[],"product_brand":[],"product_cat":[4642,936],"product_tag":[65,78],"class_list":{"0":"post-153165","1":"product","2":"type-product","3":"status-publish","6":"product_cat-mc-genuineparts","7":"product_cat-custom-teile-fuer-harley","8":"product_tag-harley","9":"product_tag-softail","11":"first","12":"instock","13":"purchasable","14":"product-type-simple"},"jetpack_sharing_enabled":true,"_links":{"self":[{"href":"https:\/\/mc-genuineparts.de\/index.php?rest_route=\/wp\/v2\/product\/153165","targetHints":{"allow":["GET"]}}],"collection":[{"href":"https:\/\/mc-genuineparts.de\/index.php?rest_route=\/wp\/v2\/product"}],"about":[{"href":"https:\/\/mc-genuineparts.de\/index.php?rest_route=\/wp\/v2\/types\/product"}],"wp:featuredmedia":[{"embeddable":true,"href":"https:\/\/mc-genuineparts.de\/index.php?rest_route=\/wp\/v2\/media\/153167"}],"wp:attachment":[{"href":"https:\/\/mc-genuineparts.de\/index.php?rest_route=%2Fwp%2Fv2%2Fmedia&parent=153165"}],"wp:term":[{"taxonomy":"product_brand","embeddable":true,"href":"https:\/\/mc-genuineparts.de\/index.php?rest_route=%2Fwp%2Fv2%2Fproduct_brand&post=153165"},{"taxonomy":"product_cat","embeddable":true,"href":"https:\/\/mc-genuineparts.de\/index.php?rest_route=%2Fwp%2Fv2%2Fproduct_cat&post=153165"},{"taxonomy":"product_tag","embeddable":true,"href":"https:\/\/mc-genuineparts.de\/index.php?rest_route=%2Fwp%2Fv2%2Fproduct_tag&post=153165"}],"curies":[{"name":"wp","href":"https:\/\/api.w.org\/{rel}","templated":true}]}}