{"id":153232,"date":"2026-04-13T12:49:29","date_gmt":"2026-04-13T10:49:29","guid":{"rendered":"https:\/\/mc-genuineparts.de\/?post_type=product&#038;p=153232"},"modified":"2026-04-14T12:23:49","modified_gmt":"2026-04-14T10:23:49","slug":"harley-fahrerrueckenlehne-von-fehling-fuer-xl-sportster-mit-gepaecktraeger","status":"publish","type":"product","link":"https:\/\/mc-genuineparts.de\/?product=harley-fahrerrueckenlehne-von-fehling-fuer-xl-sportster-mit-gepaecktraeger","title":{"rendered":"Harley Fahrerr\u00fcckenlehne mit Gep\u00e4cktr\u00e4ger von Fehling f\u00fcr XL Sportster"},"content":{"rendered":"<p>Diese Fahrerr\u00fcckenlehne mit Gep\u00e4cktr\u00e4ger von Fehling ist passend an XL Sportster Modelle bis Baujahr 2003.<\/p>\n<p>Sie ist gebraucht mit Gebrauchsspuren, u.a. sind Lackabplatzer und Kratzer vorhanden und<\/p>\n<p>an einer Stelle vom Polster ist auch eine helle Abriebstelle, siehe Fotos.<\/p>\n<p>Das Polster ist ca. 21 cm breit und ca. 19 cm hoch.<\/p>\n<p>Das Innenma\u00df zur Befestigung betr\u00e4gt ca. 22,5 cm.<\/p>\n<p>Der Gep\u00e4cktr\u00e4ger ist insgesamt ca. 35 cm lang.<\/p>\n<p>Die Gep\u00e4ckfl\u00e4che ist ca. 30cm lang, 22,5 cm breit und verj\u00fcngt sich auf ca. 15 cm.<\/p>\n<p>&nbsp;<\/p>\n<p>&nbsp;<\/p>\n<p>&nbsp;<\/p>\n","protected":false},"excerpt":{"rendered":"<p>Harley Fahrerr\u00fcckenlehne mit Gep\u00e4cktr\u00e4ger von Fehling f\u00fcr XL Sportster<\/p>\n","protected":false},"featured_media":153234,"template":"","meta":[],"product_brand":[],"product_cat":[939,906],"product_tag":[65,290,83,84,85],"class_list":{"0":"post-153232","1":"product","2":"type-product","3":"status-publish","6":"product_cat-sportster-1983-2003","7":"product_cat-sportster-2004-2006","8":"product_tag-harley","9":"product_tag-rueckenlehne","10":"product_tag-sportster","11":"product_tag-xl-1200","12":"product_tag-xl883","14":"first","15":"instock","16":"purchasable","17":"product-type-simple"},"jetpack_sharing_enabled":true,"_links":{"self":[{"href":"https:\/\/mc-genuineparts.de\/index.php?rest_route=\/wp\/v2\/product\/153232","targetHints":{"allow":["GET"]}}],"collection":[{"href":"https:\/\/mc-genuineparts.de\/index.php?rest_route=\/wp\/v2\/product"}],"about":[{"href":"https:\/\/mc-genuineparts.de\/index.php?rest_route=\/wp\/v2\/types\/product"}],"wp:featuredmedia":[{"embeddable":true,"href":"https:\/\/mc-genuineparts.de\/index.php?rest_route=\/wp\/v2\/media\/153234"}],"wp:attachment":[{"href":"https:\/\/mc-genuineparts.de\/index.php?rest_route=%2Fwp%2Fv2%2Fmedia&parent=153232"}],"wp:term":[{"taxonomy":"product_brand","embeddable":true,"href":"https:\/\/mc-genuineparts.de\/index.php?rest_route=%2Fwp%2Fv2%2Fproduct_brand&post=153232"},{"taxonomy":"product_cat","embeddable":true,"href":"https:\/\/mc-genuineparts.de\/index.php?rest_route=%2Fwp%2Fv2%2Fproduct_cat&post=153232"},{"taxonomy":"product_tag","embeddable":true,"href":"https:\/\/mc-genuineparts.de\/index.php?rest_route=%2Fwp%2Fv2%2Fproduct_tag&post=153232"}],"curies":[{"name":"wp","href":"https:\/\/api.w.org\/{rel}","templated":true}]}}