{"id":153322,"date":"2026-04-22T12:48:03","date_gmt":"2026-04-22T10:48:03","guid":{"rendered":"https:\/\/mc-genuineparts.de\/?post_type=product&#038;p=153322"},"modified":"2026-04-22T12:48:04","modified_gmt":"2026-04-22T10:48:04","slug":"harley-sturzbuegelfussrasten-shield-logo-kit-oem-33946-05-50832-07a","status":"publish","type":"product","link":"https:\/\/mc-genuineparts.de\/?product=harley-sturzbuegelfussrasten-shield-logo-kit-oem-33946-05-50832-07a","title":{"rendered":"Harley Sturzb\u00fcgelfu\u00dfrasten Shield Logo Kit (OEM 33946-05, 50832-07A)"},"content":{"rendered":"<p>Dieses Original H-D Sturzb\u00fcgelfu\u00dfrasten Kit Crested Bar &amp; Shield Logo (OEM 33946-05)<\/p>\n<p>mit 360\u00b0 individuell einstellbarer Sturzb\u00fcgel-Fu\u00dfrastenhalterung (OEM 50832-07A)<\/p>\n<p>ist passend an alle H-D Standardsturzb\u00fcgel.<\/p>\n<p>Die Halterung hat ein Schelleninnenma\u00df von mind.\u00a0 3 cm.<\/p>\n<p>Die Highwaypegs sind gebraucht mit Gebrauchsspuren.<\/p>\n<p>Vor allem an den Unterlegscheiben ist Rost, siehe Fotos.<\/p>\n<p>Das Kit hatte einen H-D Neupreis von \u20ac 448,-<\/p>\n<p>&nbsp;<\/p>\n<p>&nbsp;<\/p>\n","protected":false},"excerpt":{"rendered":"<p>Harley Sturzb\u00fcgelfu\u00dfrasten Shield Logo Kit (OEM 33946-05, 50832-07A)<\/p>\n","protected":false},"featured_media":153328,"template":"","meta":[],"product_brand":[9373],"product_cat":[970,902,910,905,899],"product_tag":[58,217,66,78,83,69],"class_list":{"0":"post-153322","1":"product","2":"type-product","3":"status-publish","6":"product_brand-harley-davidson","7":"product_cat-fussrasten-trittbretter","8":"product_cat-h-d-dyna","9":"product_cat-h-d-softail","10":"product_cat-h-d-sportster","11":"product_cat-h-d-touring","12":"product_tag-dyna","13":"product_tag-fussrasten","14":"product_tag-original-h-d","15":"product_tag-softail","16":"product_tag-sportster","17":"product_tag-touring","19":"first","20":"instock","21":"purchasable","22":"product-type-simple"},"jetpack_sharing_enabled":true,"_links":{"self":[{"href":"https:\/\/mc-genuineparts.de\/index.php?rest_route=\/wp\/v2\/product\/153322","targetHints":{"allow":["GET"]}}],"collection":[{"href":"https:\/\/mc-genuineparts.de\/index.php?rest_route=\/wp\/v2\/product"}],"about":[{"href":"https:\/\/mc-genuineparts.de\/index.php?rest_route=\/wp\/v2\/types\/product"}],"wp:featuredmedia":[{"embeddable":true,"href":"https:\/\/mc-genuineparts.de\/index.php?rest_route=\/wp\/v2\/media\/153328"}],"wp:attachment":[{"href":"https:\/\/mc-genuineparts.de\/index.php?rest_route=%2Fwp%2Fv2%2Fmedia&parent=153322"}],"wp:term":[{"taxonomy":"product_brand","embeddable":true,"href":"https:\/\/mc-genuineparts.de\/index.php?rest_route=%2Fwp%2Fv2%2Fproduct_brand&post=153322"},{"taxonomy":"product_cat","embeddable":true,"href":"https:\/\/mc-genuineparts.de\/index.php?rest_route=%2Fwp%2Fv2%2Fproduct_cat&post=153322"},{"taxonomy":"product_tag","embeddable":true,"href":"https:\/\/mc-genuineparts.de\/index.php?rest_route=%2Fwp%2Fv2%2Fproduct_tag&post=153322"}],"curies":[{"name":"wp","href":"https:\/\/api.w.org\/{rel}","templated":true}]}}