{"id":2408,"date":"2022-01-13T10:57:21","date_gmt":"2022-01-13T09:57:21","guid":{"rendered":"https:\/\/mc-genuineparts.de\/?post_type=product&#038;p=2408"},"modified":"2024-02-07T11:58:14","modified_gmt":"2024-02-07T10:58:14","slug":"dynojet-powervision-schwarz-can-bus","status":"publish","type":"product","link":"https:\/\/mc-genuineparts.de\/?product=dynojet-powervision-schwarz-can-bus","title":{"rendered":"Dynojet Powervision schwarz Can Bus"},"content":{"rendered":"<p>Dynojet Powervision schwarz Can Bus<\/p>\n<p>Alle Funktionen von Power Vision lassen sich direkt \u00fcber ein 3.5&#8243; Touch Screen Display steuern. Das Display kann am Motorrad mittels Halterungen (nicht im Lieferumfang enthalten) dauerhaft montiert werden oder auch nicht. Es wird kein zus\u00e4tzlicher Computer mehr ben\u00f6tigt, um das Steuerger\u00e4t zu &#8222;Flashen&#8220;. Einfach das gew\u00fcnschte Kennfeld \u00fcber das Touch Screen Display aussuchen und dann in das Steuerger\u00e4t laden. Theoretisch k\u00f6nnen sie ihr Motorrad &#8222;Flashen&#8220; oder Kennfelder bearbeiten ohne vom Bike abzusteigen.<\/p>\n<p>Passend f\u00fcr H-D Can Bus f\u00fcr Softail ab 11, Dyna 12-17, Sportster &amp; Touring ab 14, Street ab 15<\/p>\n<p>Dieses Teil ist gebraucht aber noch in Ordnung (wurde h\u00f6chstens 1-2 mal benutzt)<\/p>\n<p>HINWEIS DES HERSTELLERS: Alle Power Vision Einstellungen m\u00fcssen direkt mit Dynojet Research vorgenommen werden. Der Power Vision kann an jedem Motorrad zum Auslesen und L\u00f6schen von Fehlercodes verwendet werden<\/p>\n<p>Nicht zul\u00e4ssig im Bereich der STVZO! F\u00fchrt zum Erl\u00f6schen der Betriebserlaubnis Ihres Fahrzeugs!<\/p>\n","protected":false},"excerpt":{"rendered":"<p>Dynojet Powervision schwarz Can Bus<\/p>\n","protected":false},"featured_media":33651,"template":"","meta":[],"product_brand":[],"product_cat":[936,903,902,910,905,899,900,4642,966,953,956,959,911,908,943],"product_tag":[58,65,78,83,69],"class_list":{"0":"post-2408","1":"product","2":"type-product","3":"status-publish","6":"product_cat-custom-teile-fuer-harley","7":"product_cat-dyna-2006-2017","8":"product_cat-h-d-dyna","9":"product_cat-h-d-softail","10":"product_cat-h-d-sportster","11":"product_cat-h-d-touring","12":"product_cat-h-d-touring-ab-2009","13":"product_cat-mc-genuineparts","14":"product_cat-motor-und-zubehoer-sportster-2007-2020","15":"product_cat-motor-und-zubehoer-h-d-touring-ab-2009","16":"product_cat-motor-und-zubehoer-dyna-2006-2017","17":"product_cat-motor-und-zubehoer-softail-twin-cam-2007-2017","18":"product_cat-softail-twin-cam-2007-2017","19":"product_cat-sportster-2007-2020","20":"product_cat-street-750-xg-750","21":"product_tag-dyna","22":"product_tag-harley","23":"product_tag-softail","24":"product_tag-sportster","25":"product_tag-touring","27":"first","28":"instock","29":"purchasable","30":"product-type-simple"},"jetpack_sharing_enabled":true,"_links":{"self":[{"href":"https:\/\/mc-genuineparts.de\/index.php?rest_route=\/wp\/v2\/product\/2408","targetHints":{"allow":["GET"]}}],"collection":[{"href":"https:\/\/mc-genuineparts.de\/index.php?rest_route=\/wp\/v2\/product"}],"about":[{"href":"https:\/\/mc-genuineparts.de\/index.php?rest_route=\/wp\/v2\/types\/product"}],"wp:featuredmedia":[{"embeddable":true,"href":"https:\/\/mc-genuineparts.de\/index.php?rest_route=\/wp\/v2\/media\/33651"}],"wp:attachment":[{"href":"https:\/\/mc-genuineparts.de\/index.php?rest_route=%2Fwp%2Fv2%2Fmedia&parent=2408"}],"wp:term":[{"taxonomy":"product_brand","embeddable":true,"href":"https:\/\/mc-genuineparts.de\/index.php?rest_route=%2Fwp%2Fv2%2Fproduct_brand&post=2408"},{"taxonomy":"product_cat","embeddable":true,"href":"https:\/\/mc-genuineparts.de\/index.php?rest_route=%2Fwp%2Fv2%2Fproduct_cat&post=2408"},{"taxonomy":"product_tag","embeddable":true,"href":"https:\/\/mc-genuineparts.de\/index.php?rest_route=%2Fwp%2Fv2%2Fproduct_tag&post=2408"}],"curies":[{"name":"wp","href":"https:\/\/api.w.org\/{rel}","templated":true}]}}