{"id":2424,"date":"2022-01-13T10:57:28","date_gmt":"2022-01-13T09:57:28","guid":{"rendered":"https:\/\/mc-genuineparts.de\/?post_type=product&#038;p=2424"},"modified":"2024-02-22T12:52:22","modified_gmt":"2024-02-22T11:52:22","slug":"harley-led-blinker-set","status":"publish","type":"product","link":"https:\/\/mc-genuineparts.de\/?product=harley-led-blinker-set","title":{"rendered":"LED Blinker Set f\u00fcr Harley"},"content":{"rendered":"<p>Dieses Harley LED Blinker Set besticht durch seine au\u00dfergew\u00f6hnliche Form. Dieses Set ist wie neu und wird nur als gebraucht verkauft, weil die Originalverpackung einmal ge\u00f6ffnet wurde. ( Siehe Fotos )<br \/>\nMa\u00dfe:<br \/>\nL\u00e4nge ohne Gewinde: ca. 8,5 cm<br \/>\nBreite: ca. 2,5 cm<br \/>\nGewindel\u00e4nge: ca. 1,9 cm<br \/>\nGewinde: M10<\/p>\n","protected":false},"excerpt":{"rendered":"<p>LED Blinker Set f\u00fcr Harley <\/p>\n","protected":false},"featured_media":6811,"template":"","meta":[],"product_brand":[],"product_cat":[929],"product_tag":[],"class_list":{"0":"post-2424","1":"product","2":"type-product","3":"status-publish","6":"product_cat-beleuchtung","8":"first","9":"instock","10":"purchasable","11":"product-type-simple"},"jetpack_sharing_enabled":true,"_links":{"self":[{"href":"https:\/\/mc-genuineparts.de\/index.php?rest_route=\/wp\/v2\/product\/2424","targetHints":{"allow":["GET"]}}],"collection":[{"href":"https:\/\/mc-genuineparts.de\/index.php?rest_route=\/wp\/v2\/product"}],"about":[{"href":"https:\/\/mc-genuineparts.de\/index.php?rest_route=\/wp\/v2\/types\/product"}],"wp:featuredmedia":[{"embeddable":true,"href":"https:\/\/mc-genuineparts.de\/index.php?rest_route=\/wp\/v2\/media\/6811"}],"wp:attachment":[{"href":"https:\/\/mc-genuineparts.de\/index.php?rest_route=%2Fwp%2Fv2%2Fmedia&parent=2424"}],"wp:term":[{"taxonomy":"product_brand","embeddable":true,"href":"https:\/\/mc-genuineparts.de\/index.php?rest_route=%2Fwp%2Fv2%2Fproduct_brand&post=2424"},{"taxonomy":"product_cat","embeddable":true,"href":"https:\/\/mc-genuineparts.de\/index.php?rest_route=%2Fwp%2Fv2%2Fproduct_cat&post=2424"},{"taxonomy":"product_tag","embeddable":true,"href":"https:\/\/mc-genuineparts.de\/index.php?rest_route=%2Fwp%2Fv2%2Fproduct_tag&post=2424"}],"curies":[{"name":"wp","href":"https:\/\/api.w.org\/{rel}","templated":true}]}}