{"id":32668,"date":"2022-04-04T18:23:53","date_gmt":"2022-04-04T16:23:53","guid":{"rendered":"https:\/\/mc-genuineparts.de\/?post_type=product&#038;p=32668"},"modified":"2023-10-12T18:44:29","modified_gmt":"2023-10-12T16:44:29","slug":"10-gauge-speaker-grill-black","status":"publish","type":"product","link":"https:\/\/mc-genuineparts.de\/?product=10-gauge-speaker-grill-black","title":{"rendered":"10-Gauge Speaker Grill Black"},"content":{"rendered":"<p> 10-Gauge Speaker Grill Black  https:\/\/www.custom-chrome-europe.com\/Motorrad-Teile\/Elektrik\/Audio-Unterhaltung\/Lautsprecher\/10-Gauge-Speaker-Grill-Black.html Mit diesem Link k\u00f6nnen Sie die tats\u00e4chliche Verf\u00fcgbarkeit pr\u00fcfen und noch weitere Information \u00fcber den Artikel erhalten.<\/p>\n","protected":false},"excerpt":{"rendered":"<p> 10-Gauge Speaker Grill Black <\/p>\n","protected":false},"featured_media":99395,"template":"","meta":[],"product_brand":[],"product_cat":[1383],"product_tag":[],"class_list":{"0":"post-32668","1":"product","2":"type-product","3":"status-publish","6":"product_cat-310-99-elektrik-diverse","8":"first","9":"instock","10":"taxable","11":"shipping-taxable","12":"purchasable","13":"product-type-simple"},"jetpack_sharing_enabled":true,"_links":{"self":[{"href":"https:\/\/mc-genuineparts.de\/index.php?rest_route=\/wp\/v2\/product\/32668","targetHints":{"allow":["GET"]}}],"collection":[{"href":"https:\/\/mc-genuineparts.de\/index.php?rest_route=\/wp\/v2\/product"}],"about":[{"href":"https:\/\/mc-genuineparts.de\/index.php?rest_route=\/wp\/v2\/types\/product"}],"wp:featuredmedia":[{"embeddable":true,"href":"https:\/\/mc-genuineparts.de\/index.php?rest_route=\/wp\/v2\/media\/99395"}],"wp:attachment":[{"href":"https:\/\/mc-genuineparts.de\/index.php?rest_route=%2Fwp%2Fv2%2Fmedia&parent=32668"}],"wp:term":[{"taxonomy":"product_brand","embeddable":true,"href":"https:\/\/mc-genuineparts.de\/index.php?rest_route=%2Fwp%2Fv2%2Fproduct_brand&post=32668"},{"taxonomy":"product_cat","embeddable":true,"href":"https:\/\/mc-genuineparts.de\/index.php?rest_route=%2Fwp%2Fv2%2Fproduct_cat&post=32668"},{"taxonomy":"product_tag","embeddable":true,"href":"https:\/\/mc-genuineparts.de\/index.php?rest_route=%2Fwp%2Fv2%2Fproduct_tag&post=32668"}],"curies":[{"name":"wp","href":"https:\/\/api.w.org\/{rel}","templated":true}]}}