{"id":45172,"date":"2022-04-08T10:02:08","date_gmt":"2022-04-08T08:02:08","guid":{"rendered":"https:\/\/mc-genuineparts.de\/?post_type=product&#038;p=45172"},"modified":"2023-10-30T12:47:12","modified_gmt":"2023-10-30T11:47:12","slug":"sprocket-cover","status":"publish","type":"product","link":"https:\/\/mc-genuineparts.de\/?product=sprocket-cover","title":{"rendered":"Sprocket Cover"},"content":{"rendered":"<p> Sprocket Cover  https:\/\/www.custom-chrome-europe.com\/Motorrad-Teile\/Getriebe-Antrieb\/Zahnriemenraeder-Ritzel\/Kettenrad-Riemenrad-Abdeckungen\/Sprocket-Cover.html Mit dem Link k\u00f6nnen Sie die tats\u00e4chliche Verf\u00fcgbarkeit \u00fcberpr\u00fcfen und weitere Information zu diesem Artikel einsehen.<\/p>\n","protected":false},"excerpt":{"rendered":"<p> Sprocket Cover <\/p>\n","protected":false},"featured_media":106893,"template":"","meta":[],"product_brand":[],"product_cat":[2978],"product_tag":[],"class_list":{"0":"post-45172","1":"product","2":"type-product","3":"status-publish","6":"product_cat-360-99-getriebe-kupplungen-diverse","8":"first","9":"instock","10":"taxable","11":"shipping-taxable","12":"purchasable","13":"product-type-simple"},"jetpack_sharing_enabled":true,"_links":{"self":[{"href":"https:\/\/mc-genuineparts.de\/index.php?rest_route=\/wp\/v2\/product\/45172","targetHints":{"allow":["GET"]}}],"collection":[{"href":"https:\/\/mc-genuineparts.de\/index.php?rest_route=\/wp\/v2\/product"}],"about":[{"href":"https:\/\/mc-genuineparts.de\/index.php?rest_route=\/wp\/v2\/types\/product"}],"wp:featuredmedia":[{"embeddable":true,"href":"https:\/\/mc-genuineparts.de\/index.php?rest_route=\/wp\/v2\/media\/106893"}],"wp:attachment":[{"href":"https:\/\/mc-genuineparts.de\/index.php?rest_route=%2Fwp%2Fv2%2Fmedia&parent=45172"}],"wp:term":[{"taxonomy":"product_brand","embeddable":true,"href":"https:\/\/mc-genuineparts.de\/index.php?rest_route=%2Fwp%2Fv2%2Fproduct_brand&post=45172"},{"taxonomy":"product_cat","embeddable":true,"href":"https:\/\/mc-genuineparts.de\/index.php?rest_route=%2Fwp%2Fv2%2Fproduct_cat&post=45172"},{"taxonomy":"product_tag","embeddable":true,"href":"https:\/\/mc-genuineparts.de\/index.php?rest_route=%2Fwp%2Fv2%2Fproduct_tag&post=45172"}],"curies":[{"name":"wp","href":"https:\/\/api.w.org\/{rel}","templated":true}]}}