{"id":56010,"date":"2022-04-08T17:23:57","date_gmt":"2022-04-08T15:23:57","guid":{"rendered":"https:\/\/mc-genuineparts.de\/?post_type=product&#038;p=56010"},"modified":"2023-10-30T16:49:14","modified_gmt":"2023-10-30T15:49:14","slug":"sniper-ii-3-8-banjo-bolt-black","status":"publish","type":"product","link":"https:\/\/mc-genuineparts.de\/?product=sniper-ii-3-8-banjo-bolt-black","title":{"rendered":"Sniper II 3\/8 Banjo Bolt Black"},"content":{"rendered":"<p> Sniper II 3\/8 Banjo Bolt Black  https:\/\/www.custom-chrome-europe.com\/Motorrad-Teile\/Raeder-Reifen-Bremsen\/Bremsleitungen-Zubehoer\/Hohlschraube-fuer-Bremsleitungen\/Sniper-II-3-8-Banjo-Bolt-Black.html Mit dem Link k\u00f6nnen Sie die aktuelle Verf\u00fcgbarkeit pr\u00fcfen und weitere Informationen \u00fcber diesen Artikel einsehen.<\/p>\n","protected":false},"excerpt":{"rendered":"<p> Sniper II 3\/8 Banjo Bolt Black <\/p>\n","protected":false},"featured_media":111631,"template":"","meta":[],"product_brand":[],"product_cat":[15],"product_tag":[],"class_list":{"0":"post-56010","1":"product","2":"type-product","3":"status-publish","6":"product_cat-unkategorisiert","8":"first","9":"instock","10":"taxable","11":"shipping-taxable","12":"purchasable","13":"product-type-simple"},"jetpack_sharing_enabled":true,"_links":{"self":[{"href":"https:\/\/mc-genuineparts.de\/index.php?rest_route=\/wp\/v2\/product\/56010","targetHints":{"allow":["GET"]}}],"collection":[{"href":"https:\/\/mc-genuineparts.de\/index.php?rest_route=\/wp\/v2\/product"}],"about":[{"href":"https:\/\/mc-genuineparts.de\/index.php?rest_route=\/wp\/v2\/types\/product"}],"wp:featuredmedia":[{"embeddable":true,"href":"https:\/\/mc-genuineparts.de\/index.php?rest_route=\/wp\/v2\/media\/111631"}],"wp:attachment":[{"href":"https:\/\/mc-genuineparts.de\/index.php?rest_route=%2Fwp%2Fv2%2Fmedia&parent=56010"}],"wp:term":[{"taxonomy":"product_brand","embeddable":true,"href":"https:\/\/mc-genuineparts.de\/index.php?rest_route=%2Fwp%2Fv2%2Fproduct_brand&post=56010"},{"taxonomy":"product_cat","embeddable":true,"href":"https:\/\/mc-genuineparts.de\/index.php?rest_route=%2Fwp%2Fv2%2Fproduct_cat&post=56010"},{"taxonomy":"product_tag","embeddable":true,"href":"https:\/\/mc-genuineparts.de\/index.php?rest_route=%2Fwp%2Fv2%2Fproduct_tag&post=56010"}],"curies":[{"name":"wp","href":"https:\/\/api.w.org\/{rel}","templated":true}]}}