{"id":6392,"date":"2022-01-13T10:56:42","date_gmt":"2022-01-13T09:56:42","guid":{"rendered":"https:\/\/mc-genuineparts.de\/?post_type=product&#038;p=6392"},"modified":"2025-04-02T10:17:12","modified_gmt":"2025-04-02T08:17:12","slug":"harley-custom-raeder-set","status":"publish","type":"product","link":"https:\/\/mc-genuineparts.de\/?product=harley-custom-raeder-set","title":{"rendered":"Custom R\u00e4der Set 19mm Lager f\u00fcr Harley-Davidson"},"content":{"rendered":"<p>Custom R\u00e4der Set 19mm Lager f\u00fcr Harley-Davidson<\/p>\n<p>Die Custom R\u00e4der mit Beltrad und Bremsscheibe sind passend f\u00fcr eine 19mm Achse.<br \/>\nBei dem Vorderradreifen 2,15&#215;21 Zoll mit Avon Venom x MH90-21 56H mit passender Bremsscheibe ist das Profil nicht mehr gut.<br \/>\nDas Hinterrad 3,5&#215;16 Zoll mit Avon Venom x MT90B16 74H mit DOT 19\/06 hat ein passendes Beltrad mit 70 Z\u00e4hnen f\u00fcr breite Belts.<br \/>\nDie Felgen sind in einem sch\u00f6nen Design und noch gut in Schu\u00df. (siehe Fotos)<\/p>\n","protected":false},"excerpt":{"rendered":"<p>Custom R\u00e4der Set 19mm Lager f\u00fcr Harley-Davidson<\/p>\n","protected":false},"featured_media":2308,"template":"","meta":[],"product_brand":[],"product_cat":[936,4642,898],"product_tag":[77,65,76,78,79],"class_list":{"0":"post-6392","1":"product","2":"type-product","3":"status-publish","6":"product_cat-custom-teile-fuer-harley","7":"product_cat-mc-genuineparts","8":"product_cat-raeder-und-bremsen","9":"product_tag-custom","10":"product_tag-harley","11":"product_tag-hinterrad","12":"product_tag-softail","13":"product_tag-vorderrad","15":"first","16":"outofstock","17":"purchasable","18":"product-type-simple"},"jetpack_sharing_enabled":true,"_links":{"self":[{"href":"https:\/\/mc-genuineparts.de\/index.php?rest_route=\/wp\/v2\/product\/6392","targetHints":{"allow":["GET"]}}],"collection":[{"href":"https:\/\/mc-genuineparts.de\/index.php?rest_route=\/wp\/v2\/product"}],"about":[{"href":"https:\/\/mc-genuineparts.de\/index.php?rest_route=\/wp\/v2\/types\/product"}],"wp:featuredmedia":[{"embeddable":true,"href":"https:\/\/mc-genuineparts.de\/index.php?rest_route=\/wp\/v2\/media\/2308"}],"wp:attachment":[{"href":"https:\/\/mc-genuineparts.de\/index.php?rest_route=%2Fwp%2Fv2%2Fmedia&parent=6392"}],"wp:term":[{"taxonomy":"product_brand","embeddable":true,"href":"https:\/\/mc-genuineparts.de\/index.php?rest_route=%2Fwp%2Fv2%2Fproduct_brand&post=6392"},{"taxonomy":"product_cat","embeddable":true,"href":"https:\/\/mc-genuineparts.de\/index.php?rest_route=%2Fwp%2Fv2%2Fproduct_cat&post=6392"},{"taxonomy":"product_tag","embeddable":true,"href":"https:\/\/mc-genuineparts.de\/index.php?rest_route=%2Fwp%2Fv2%2Fproduct_tag&post=6392"}],"curies":[{"name":"wp","href":"https:\/\/api.w.org\/{rel}","templated":true}]}}