{"id":6420,"date":"2022-01-13T10:56:53","date_gmt":"2022-01-13T09:56:53","guid":{"rendered":"https:\/\/mc-genuineparts.de\/?post_type=product&#038;p=6420"},"modified":"2024-02-13T10:34:48","modified_gmt":"2024-02-13T09:34:48","slug":"blinkerhalter-zusatzscheinwerferhalter-fuer-die-untere-gabelbruecke-softail-standard","status":"publish","type":"product","link":"https:\/\/mc-genuineparts.de\/?product=blinkerhalter-zusatzscheinwerferhalter-fuer-die-untere-gabelbruecke-softail-standard","title":{"rendered":"Blinkerhalter\/Zusatzscheinwerferhalter f\u00fcr die untere Gabelbr\u00fccke f\u00fcr Harley  Softail Standard"},"content":{"rendered":"<p>Blinkerhalter\/Zusatzscheinwerferhalter f\u00fcr die untere Gabelbr\u00fccke f\u00fcr Harley  Softail Standard<\/p>\n<p>Platte zur Befestigung an der unteren Gabelbr\u00fccke<br \/>\nAn dieser Platte k\u00f6nnen z.B. Blinker angebracht werden<br \/>\nGebraucht aber OK<br \/>\nZustand siehe Fotos<br \/>\nPassend an FXST Modelle<\/p>\n","protected":false},"excerpt":{"rendered":"<p>Blinkerhalter\/Zusatzscheinwerferhalter f\u00fcr die untere Gabelbr\u00fccke f\u00fcr Harley  Softail Standard<\/p>\n","protected":false},"featured_media":2574,"template":"","meta":[],"product_brand":[],"product_cat":[929,910,4642,930,911],"product_tag":[128,129,65,78],"class_list":{"0":"post-6420","1":"product","2":"type-product","3":"status-publish","6":"product_cat-beleuchtung","7":"product_cat-h-d-softail","8":"product_cat-mc-genuineparts","9":"product_cat-rahmen-und-zubehoer","10":"product_cat-softail-twin-cam-2007-2017","11":"product_tag-beleuchtung","12":"product_tag-front","13":"product_tag-harley","14":"product_tag-softail","16":"first","17":"instock","18":"purchasable","19":"product-type-simple"},"jetpack_sharing_enabled":true,"_links":{"self":[{"href":"https:\/\/mc-genuineparts.de\/index.php?rest_route=\/wp\/v2\/product\/6420","targetHints":{"allow":["GET"]}}],"collection":[{"href":"https:\/\/mc-genuineparts.de\/index.php?rest_route=\/wp\/v2\/product"}],"about":[{"href":"https:\/\/mc-genuineparts.de\/index.php?rest_route=\/wp\/v2\/types\/product"}],"wp:featuredmedia":[{"embeddable":true,"href":"https:\/\/mc-genuineparts.de\/index.php?rest_route=\/wp\/v2\/media\/2574"}],"wp:attachment":[{"href":"https:\/\/mc-genuineparts.de\/index.php?rest_route=%2Fwp%2Fv2%2Fmedia&parent=6420"}],"wp:term":[{"taxonomy":"product_brand","embeddable":true,"href":"https:\/\/mc-genuineparts.de\/index.php?rest_route=%2Fwp%2Fv2%2Fproduct_brand&post=6420"},{"taxonomy":"product_cat","embeddable":true,"href":"https:\/\/mc-genuineparts.de\/index.php?rest_route=%2Fwp%2Fv2%2Fproduct_cat&post=6420"},{"taxonomy":"product_tag","embeddable":true,"href":"https:\/\/mc-genuineparts.de\/index.php?rest_route=%2Fwp%2Fv2%2Fproduct_tag&post=6420"}],"curies":[{"name":"wp","href":"https:\/\/api.w.org\/{rel}","templated":true}]}}