{"id":6426,"date":"2022-01-13T10:56:54","date_gmt":"2022-01-13T09:56:54","guid":{"rendered":"https:\/\/mc-genuineparts.de\/?post_type=product&#038;p=6426"},"modified":"2024-02-22T12:39:12","modified_gmt":"2024-02-22T11:39:12","slug":"kennzeichenhalter-us-groesse-mit-positonslicht","status":"publish","type":"product","link":"https:\/\/mc-genuineparts.de\/?product=kennzeichenhalter-us-groesse-mit-positonslicht","title":{"rendered":"Kennzeichenhalter US-Gr\u00f6\u00dfe mit Positionslicht f\u00fcr Harley"},"content":{"rendered":"<p>Kennzeichenhalter US-Gr\u00f6\u00dfe mit Positionslicht f\u00fcr Harley<\/p>\n<p>US-Kennzeichenhalter<br \/>\nmit Positionsleuchten<br \/>\nF\u00fcr US-Kennzeichen Standardgr\u00f6\u00dfe<br \/>\nGebraucht aber Ok<br \/>\nZustand siehe Fotos<\/p>\n","protected":false},"excerpt":{"rendered":"<p>Kennzeichenhalter US-Gr\u00f6\u00dfe mit Positionslicht f\u00fcr Harley<\/p>\n","protected":false},"featured_media":2605,"template":"","meta":[],"product_brand":[],"product_cat":[929,902,910,905,917],"product_tag":[58,65,78,83,155],"class_list":{"0":"post-6426","1":"product","2":"type-product","3":"status-publish","6":"product_cat-beleuchtung","7":"product_cat-h-d-dyna","8":"product_cat-h-d-softail","9":"product_cat-h-d-sportster","10":"product_cat-v-rod","11":"product_tag-dyna","12":"product_tag-harley","13":"product_tag-softail","14":"product_tag-sportster","15":"product_tag-us-groesse","17":"first","18":"instock","19":"purchasable","20":"product-type-simple"},"jetpack_sharing_enabled":true,"_links":{"self":[{"href":"https:\/\/mc-genuineparts.de\/index.php?rest_route=\/wp\/v2\/product\/6426","targetHints":{"allow":["GET"]}}],"collection":[{"href":"https:\/\/mc-genuineparts.de\/index.php?rest_route=\/wp\/v2\/product"}],"about":[{"href":"https:\/\/mc-genuineparts.de\/index.php?rest_route=\/wp\/v2\/types\/product"}],"wp:featuredmedia":[{"embeddable":true,"href":"https:\/\/mc-genuineparts.de\/index.php?rest_route=\/wp\/v2\/media\/2605"}],"wp:attachment":[{"href":"https:\/\/mc-genuineparts.de\/index.php?rest_route=%2Fwp%2Fv2%2Fmedia&parent=6426"}],"wp:term":[{"taxonomy":"product_brand","embeddable":true,"href":"https:\/\/mc-genuineparts.de\/index.php?rest_route=%2Fwp%2Fv2%2Fproduct_brand&post=6426"},{"taxonomy":"product_cat","embeddable":true,"href":"https:\/\/mc-genuineparts.de\/index.php?rest_route=%2Fwp%2Fv2%2Fproduct_cat&post=6426"},{"taxonomy":"product_tag","embeddable":true,"href":"https:\/\/mc-genuineparts.de\/index.php?rest_route=%2Fwp%2Fv2%2Fproduct_tag&post=6426"}],"curies":[{"name":"wp","href":"https:\/\/api.w.org\/{rel}","templated":true}]}}