{"id":6427,"date":"2022-01-13T10:56:54","date_gmt":"2022-01-13T09:56:54","guid":{"rendered":"https:\/\/mc-genuineparts.de\/?post_type=product&#038;p=6427"},"modified":"2024-02-22T11:57:11","modified_gmt":"2024-02-22T10:57:11","slug":"kennzeichenhalter-mit-ruecklicht-us-standard","status":"publish","type":"product","link":"https:\/\/mc-genuineparts.de\/?product=kennzeichenhalter-mit-ruecklicht-us-standard","title":{"rendered":"Kennzeichenhalter mit R\u00fccklicht US-Standard f\u00fcr Harley"},"content":{"rendered":"<p>Kennzeichenhalter mit R\u00fccklicht US-Standard f\u00fcr Harley <\/p>\n<p>Kennzeichenhalter US-Standard mit R\u00fccklicht<br \/>\nDer Kennzeichenhalter ist gebraucht aber gut<br \/>\nZustand siehe Fotos<\/p>\n","protected":false},"excerpt":{"rendered":"<p>Kennzeichenhalter mit R\u00fccklicht US-Standard f\u00fcr Harley <\/p>\n","protected":false},"featured_media":22468,"template":"","meta":[],"product_brand":[],"product_cat":[929,902,910,905,917],"product_tag":[58,122,65,154,78,83],"class_list":{"0":"post-6427","1":"product","2":"type-product","3":"status-publish","6":"product_cat-beleuchtung","7":"product_cat-h-d-dyna","8":"product_cat-h-d-softail","9":"product_cat-h-d-sportster","10":"product_cat-v-rod","11":"product_tag-dyna","12":"product_tag-fat-boy","13":"product_tag-harley","14":"product_tag-heck","15":"product_tag-softail","16":"product_tag-sportster","18":"first","19":"instock","20":"purchasable","21":"product-type-simple"},"jetpack_sharing_enabled":true,"_links":{"self":[{"href":"https:\/\/mc-genuineparts.de\/index.php?rest_route=\/wp\/v2\/product\/6427","targetHints":{"allow":["GET"]}}],"collection":[{"href":"https:\/\/mc-genuineparts.de\/index.php?rest_route=\/wp\/v2\/product"}],"about":[{"href":"https:\/\/mc-genuineparts.de\/index.php?rest_route=\/wp\/v2\/types\/product"}],"wp:featuredmedia":[{"embeddable":true,"href":"https:\/\/mc-genuineparts.de\/index.php?rest_route=\/wp\/v2\/media\/22468"}],"wp:attachment":[{"href":"https:\/\/mc-genuineparts.de\/index.php?rest_route=%2Fwp%2Fv2%2Fmedia&parent=6427"}],"wp:term":[{"taxonomy":"product_brand","embeddable":true,"href":"https:\/\/mc-genuineparts.de\/index.php?rest_route=%2Fwp%2Fv2%2Fproduct_brand&post=6427"},{"taxonomy":"product_cat","embeddable":true,"href":"https:\/\/mc-genuineparts.de\/index.php?rest_route=%2Fwp%2Fv2%2Fproduct_cat&post=6427"},{"taxonomy":"product_tag","embeddable":true,"href":"https:\/\/mc-genuineparts.de\/index.php?rest_route=%2Fwp%2Fv2%2Fproduct_tag&post=6427"}],"curies":[{"name":"wp","href":"https:\/\/api.w.org\/{rel}","templated":true}]}}