{"id":6428,"date":"2022-01-13T10:56:54","date_gmt":"2022-01-13T09:56:54","guid":{"rendered":"https:\/\/mc-genuineparts.de\/?post_type=product&#038;p=6428"},"modified":"2024-03-04T11:48:06","modified_gmt":"2024-03-04T10:48:06","slug":"harley-chopper-motorrad-kenzeichen-halter-rahmen-us-ausfuehrung-gebogen","status":"publish","type":"product","link":"https:\/\/mc-genuineparts.de\/?product=harley-chopper-motorrad-kenzeichen-halter-rahmen-us-ausfuehrung-gebogen","title":{"rendered":"Custom Chopper Motorrad Kenzeichen Halter Rahmen US-Ausf\u00fchrung gebogen"},"content":{"rendered":"<p>Custom Chopper Motorrad Kenzeichen Halter Rahmen US-Ausf\u00fchrung gebogen<\/p>\n<p>Gebogener Kennzeichenrahmen<br \/>\nf\u00fcr US Standard Kennzeichen in der Gr\u00f6\u00dfe 17,5 x 10 cm<br \/>\nDer Rahmen ist einem guten Zustand<\/p>\n","protected":false},"excerpt":{"rendered":"<p>Custom Chopper Motorrad Kenzeichen Halter Rahmen US-Ausf\u00fchrung gebogen<\/p>\n","protected":false},"featured_media":61110,"template":"","meta":[],"product_brand":[],"product_cat":[936,902,910,905,899],"product_tag":[58,122,78,83,69],"class_list":{"0":"post-6428","1":"product","2":"type-product","3":"status-publish","6":"product_cat-custom-teile-fuer-harley","7":"product_cat-h-d-dyna","8":"product_cat-h-d-softail","9":"product_cat-h-d-sportster","10":"product_cat-h-d-touring","11":"product_tag-dyna","12":"product_tag-fat-boy","13":"product_tag-softail","14":"product_tag-sportster","15":"product_tag-touring","17":"first","18":"instock","19":"purchasable","20":"product-type-simple"},"jetpack_sharing_enabled":true,"_links":{"self":[{"href":"https:\/\/mc-genuineparts.de\/index.php?rest_route=\/wp\/v2\/product\/6428","targetHints":{"allow":["GET"]}}],"collection":[{"href":"https:\/\/mc-genuineparts.de\/index.php?rest_route=\/wp\/v2\/product"}],"about":[{"href":"https:\/\/mc-genuineparts.de\/index.php?rest_route=\/wp\/v2\/types\/product"}],"wp:featuredmedia":[{"embeddable":true,"href":"https:\/\/mc-genuineparts.de\/index.php?rest_route=\/wp\/v2\/media\/61110"}],"wp:attachment":[{"href":"https:\/\/mc-genuineparts.de\/index.php?rest_route=%2Fwp%2Fv2%2Fmedia&parent=6428"}],"wp:term":[{"taxonomy":"product_brand","embeddable":true,"href":"https:\/\/mc-genuineparts.de\/index.php?rest_route=%2Fwp%2Fv2%2Fproduct_brand&post=6428"},{"taxonomy":"product_cat","embeddable":true,"href":"https:\/\/mc-genuineparts.de\/index.php?rest_route=%2Fwp%2Fv2%2Fproduct_cat&post=6428"},{"taxonomy":"product_tag","embeddable":true,"href":"https:\/\/mc-genuineparts.de\/index.php?rest_route=%2Fwp%2Fv2%2Fproduct_tag&post=6428"}],"curies":[{"name":"wp","href":"https:\/\/api.w.org\/{rel}","templated":true}]}}