{"id":6429,"date":"2022-01-13T10:56:54","date_gmt":"2022-01-13T09:56:54","guid":{"rendered":"https:\/\/mc-genuineparts.de\/?post_type=product&#038;p=6429"},"modified":"2024-02-08T09:53:58","modified_gmt":"2024-02-08T08:53:58","slug":"harley-softail-kennzeichenhalter-seitl-schwinge-us-groesse","status":"publish","type":"product","link":"https:\/\/mc-genuineparts.de\/?product=harley-softail-kennzeichenhalter-seitl-schwinge-us-groesse","title":{"rendered":"Kennzeichenhalter seitl. Schwinge f\u00fcr Harley Softail US-Gr\u00f6\u00dfe"},"content":{"rendered":"<p>Kennzeichenhalter seitl. Schwinge f\u00fcr Harley Softail US-Gr\u00f6\u00dfe<\/p>\n<p>Seitl. Kennzeichenhalter zur Montage an die Schwinge<br \/>\npassend f\u00fcr Kennzeichen mit US-Gr\u00f6\u00dfe<br \/>\nDer Kennzeichenhalter hat einige Gebrauchsspuren<br \/>\nZustand siehe Fotos<\/p>\n","protected":false},"excerpt":{"rendered":"<p>Kennzeichenhalter seitl. Schwinge f\u00fcr Harley Softail US-Gr\u00f6\u00dfe<\/p>\n","protected":false},"featured_media":6903,"template":"","meta":[],"product_brand":[],"product_cat":[4642,936,910,905,899,946],"product_tag":[122,65,154,123,5834],"class_list":{"0":"post-6429","1":"product","2":"type-product","3":"status-publish","6":"product_cat-mc-genuineparts","7":"product_cat-custom-teile-fuer-harley","8":"product_cat-h-d-softail","9":"product_cat-h-d-sportster","10":"product_cat-h-d-touring","11":"product_cat-rahmen-und-zubehoer-softail-evo-1986-1999","12":"product_tag-fat-boy","13":"product_tag-harley","14":"product_tag-heck","15":"product_tag-heritage","16":"product_tag-seitlicher-kennzeichenhalter","18":"first","19":"instock","20":"purchasable","21":"product-type-simple"},"jetpack_sharing_enabled":true,"_links":{"self":[{"href":"https:\/\/mc-genuineparts.de\/index.php?rest_route=\/wp\/v2\/product\/6429","targetHints":{"allow":["GET"]}}],"collection":[{"href":"https:\/\/mc-genuineparts.de\/index.php?rest_route=\/wp\/v2\/product"}],"about":[{"href":"https:\/\/mc-genuineparts.de\/index.php?rest_route=\/wp\/v2\/types\/product"}],"wp:featuredmedia":[{"embeddable":true,"href":"https:\/\/mc-genuineparts.de\/index.php?rest_route=\/wp\/v2\/media\/6903"}],"wp:attachment":[{"href":"https:\/\/mc-genuineparts.de\/index.php?rest_route=%2Fwp%2Fv2%2Fmedia&parent=6429"}],"wp:term":[{"taxonomy":"product_brand","embeddable":true,"href":"https:\/\/mc-genuineparts.de\/index.php?rest_route=%2Fwp%2Fv2%2Fproduct_brand&post=6429"},{"taxonomy":"product_cat","embeddable":true,"href":"https:\/\/mc-genuineparts.de\/index.php?rest_route=%2Fwp%2Fv2%2Fproduct_cat&post=6429"},{"taxonomy":"product_tag","embeddable":true,"href":"https:\/\/mc-genuineparts.de\/index.php?rest_route=%2Fwp%2Fv2%2Fproduct_tag&post=6429"}],"curies":[{"name":"wp","href":"https:\/\/api.w.org\/{rel}","templated":true}]}}