{"id":6445,"date":"2022-01-13T10:57:05","date_gmt":"2022-01-13T09:57:05","guid":{"rendered":"https:\/\/mc-genuineparts.de\/?post_type=product&#038;p=6445"},"modified":"2024-02-07T12:58:14","modified_gmt":"2024-02-07T11:58:14","slug":"harley-softail-dyna-touring-oelkuehler-geraucht-aber-funktionsfaehig","status":"publish","type":"product","link":"https:\/\/mc-genuineparts.de\/?product=harley-softail-dyna-touring-oelkuehler-geraucht-aber-funktionsfaehig","title":{"rendered":"\u00d6lk\u00fchler f\u00fcr Harley Softail Dyna Touring (gebraucht aber funktionsf\u00e4hig)"},"content":{"rendered":"<p>\u00d6lk\u00fchler f\u00fcr Harley Softail Dyna Touring (gebraucht aber funktionsf\u00e4hig)<br \/>\nDer \u00d6lk\u00fchler hat bis zum Ausbau voll funktioniert.<br \/>\nDas Angebot gilt wie auf den Bildern zu sehen.<br \/>\nDer \u00d6lk\u00fchler ist gebraucht, der Chrom nicht mehr so sch\u00f6n und an wenigen Stellen gibt es auch Rost.<\/p>\n","protected":false},"excerpt":{"rendered":"<p>\u00d6lk\u00fchler f\u00fcr Harley Softail Dyna Touring (gebraucht aber funktionsf\u00e4hig)<\/p>\n","protected":false},"featured_media":33686,"template":"","meta":[],"product_brand":[],"product_cat":[936,931,903,934,902,910,955,967,945,913,911],"product_tag":[58,65,1703,78,69],"class_list":{"0":"post-6445","1":"product","2":"type-product","3":"status-publish","6":"product_cat-custom-teile-fuer-harley","7":"product_cat-dyna-2004-2005","8":"product_cat-dyna-2006-2017","9":"product_cat-dyna-bis-2003","10":"product_cat-h-d-dyna","11":"product_cat-h-d-softail","12":"product_cat-motor-und-zubehoer-dyna-2004-2005","13":"product_cat-motor-und-zubehoer-softail-evo-1986-1999","14":"product_cat-softail-evo-1986-1999","15":"product_cat-softail-twin-cam-2000-2006","16":"product_cat-softail-twin-cam-2007-2017","17":"product_tag-dyna","18":"product_tag-harley","19":"product_tag-motor","20":"product_tag-softail","21":"product_tag-touring","23":"first","24":"instock","25":"purchasable","26":"product-type-simple"},"jetpack_sharing_enabled":true,"_links":{"self":[{"href":"https:\/\/mc-genuineparts.de\/index.php?rest_route=\/wp\/v2\/product\/6445","targetHints":{"allow":["GET"]}}],"collection":[{"href":"https:\/\/mc-genuineparts.de\/index.php?rest_route=\/wp\/v2\/product"}],"about":[{"href":"https:\/\/mc-genuineparts.de\/index.php?rest_route=\/wp\/v2\/types\/product"}],"wp:featuredmedia":[{"embeddable":true,"href":"https:\/\/mc-genuineparts.de\/index.php?rest_route=\/wp\/v2\/media\/33686"}],"wp:attachment":[{"href":"https:\/\/mc-genuineparts.de\/index.php?rest_route=%2Fwp%2Fv2%2Fmedia&parent=6445"}],"wp:term":[{"taxonomy":"product_brand","embeddable":true,"href":"https:\/\/mc-genuineparts.de\/index.php?rest_route=%2Fwp%2Fv2%2Fproduct_brand&post=6445"},{"taxonomy":"product_cat","embeddable":true,"href":"https:\/\/mc-genuineparts.de\/index.php?rest_route=%2Fwp%2Fv2%2Fproduct_cat&post=6445"},{"taxonomy":"product_tag","embeddable":true,"href":"https:\/\/mc-genuineparts.de\/index.php?rest_route=%2Fwp%2Fv2%2Fproduct_tag&post=6445"}],"curies":[{"name":"wp","href":"https:\/\/api.w.org\/{rel}","templated":true}]}}