{"id":6453,"date":"2022-01-13T10:57:07","date_gmt":"2022-01-13T09:57:07","guid":{"rendered":"https:\/\/mc-genuineparts.de\/?post_type=product&#038;p=6453"},"modified":"2024-03-01T12:37:28","modified_gmt":"2024-03-01T11:37:28","slug":"harley-davidson-gepaecktraeger-touring-flh-92-94-53391-92-3-channel-chrom-luggage","status":"publish","type":"product","link":"https:\/\/mc-genuineparts.de\/?product=harley-davidson-gepaecktraeger-touring-flh-92-94-53391-92-3-channel-chrom-luggage","title":{"rendered":"Harley Davidson Gep\u00e4cktr\u00e4ger Touring FLH 92-94 53391-92 3-Channel Chrom Luggage"},"content":{"rendered":"<p>Harley Davidson Gep\u00e4cktr\u00e4ger Touring FLH 92-94 53391-92 3-Channel Chrom Luggage<\/p>\n<p>HF-GT1 3-Channel Chrom Gep\u00e4cktr\u00e4ger im 50er Jahre Look<br \/>\nO.E.M. 53391-92<br \/>\nPassend an FLT FLHT und FLHS von 92-93<br \/>\nDieser Artikel wird nicht mehr von Harley vertrieben<br \/>\nNeuteil noch nie montiert<br \/>\nEinige Verpackungen k\u00f6nnten ge\u00f6ffnet sein<br \/>\nSonst Original verpackt<\/p>\n","protected":false},"excerpt":{"rendered":"<p>Harley Davidson Gep\u00e4cktr\u00e4ger Touring FLH 92-94 53391-92 3-Channel Chrom Luggage<\/p>\n","protected":false},"featured_media":61159,"template":"","meta":[],"product_brand":[],"product_cat":[958,899],"product_tag":[70,154,66,67,69],"class_list":{"0":"post-6453","1":"product","2":"type-product","3":"status-publish","6":"product_cat-gepaeck-und-werkzeugrolle","7":"product_cat-h-d-touring","8":"product_tag-e-glide","9":"product_tag-heck","10":"product_tag-original-h-d","11":"product_tag-road-king","12":"product_tag-touring","14":"first","15":"instock","16":"purchasable","17":"product-type-simple"},"jetpack_sharing_enabled":true,"_links":{"self":[{"href":"https:\/\/mc-genuineparts.de\/index.php?rest_route=\/wp\/v2\/product\/6453","targetHints":{"allow":["GET"]}}],"collection":[{"href":"https:\/\/mc-genuineparts.de\/index.php?rest_route=\/wp\/v2\/product"}],"about":[{"href":"https:\/\/mc-genuineparts.de\/index.php?rest_route=\/wp\/v2\/types\/product"}],"wp:featuredmedia":[{"embeddable":true,"href":"https:\/\/mc-genuineparts.de\/index.php?rest_route=\/wp\/v2\/media\/61159"}],"wp:attachment":[{"href":"https:\/\/mc-genuineparts.de\/index.php?rest_route=%2Fwp%2Fv2%2Fmedia&parent=6453"}],"wp:term":[{"taxonomy":"product_brand","embeddable":true,"href":"https:\/\/mc-genuineparts.de\/index.php?rest_route=%2Fwp%2Fv2%2Fproduct_brand&post=6453"},{"taxonomy":"product_cat","embeddable":true,"href":"https:\/\/mc-genuineparts.de\/index.php?rest_route=%2Fwp%2Fv2%2Fproduct_cat&post=6453"},{"taxonomy":"product_tag","embeddable":true,"href":"https:\/\/mc-genuineparts.de\/index.php?rest_route=%2Fwp%2Fv2%2Fproduct_tag&post=6453"}],"curies":[{"name":"wp","href":"https:\/\/api.w.org\/{rel}","templated":true}]}}