{"id":6486,"date":"2022-01-13T10:57:19","date_gmt":"2022-01-13T09:57:19","guid":{"rendered":"https:\/\/mc-genuineparts.de\/?post_type=product&#038;p=6486"},"modified":"2024-02-07T12:45:49","modified_gmt":"2024-02-07T11:45:49","slug":"harley-original-h-d-touring-evo-gepaecktraeger-kit-53391-92","status":"publish","type":"product","link":"https:\/\/mc-genuineparts.de\/?product=harley-original-h-d-touring-evo-gepaecktraeger-kit-53391-92","title":{"rendered":"Harley Touring EVO Gep\u00e4cktr\u00e4ger Kit OEM 53391-92"},"content":{"rendered":"<p>Harley Touring EVO Gep\u00e4cktr\u00e4ger Kit OEM 53391-92<\/p>\n<p>Dieser Original H-D Touring EVO Gep\u00e4cktr\u00e4ger ( 53391-92 Chrome 3-Channel Luggage Rack ) ist passend an die Touring Modelle FLT, FLHT und FLHS Bj. 1992 1993 die mit einem H-D Solositz ausgestattet sind.<\/p>\n<p>Der Gep\u00e4cktr\u00e4ger ist neu und wird nur als gebraucht verkauft, weil die Originalverpackung ge\u00f6ffnet wurde.<\/p>\n<p>Dieser Artikel ist nicht mehr bei Harley-Davidson erh\u00e4ltlich.<\/p>\n","protected":false},"excerpt":{"rendered":"<p>Harley Touring EVO Gep\u00e4cktr\u00e4ger Kit OEM 53391-92<\/p>\n","protected":false},"featured_media":61312,"template":"","meta":[],"product_brand":[],"product_cat":[958,899,925,4642,950],"product_tag":[156,196,154,66,69],"class_list":{"0":"post-6486","1":"product","2":"type-product","3":"status-publish","6":"product_cat-gepaeck-und-werkzeugrolle","7":"product_cat-h-d-touring","8":"product_cat-h-d-touring-evo-bis-95","9":"product_cat-mc-genuineparts","10":"product_cat-rahmen-und-zubehoer-h-d-touring-evo-bis-95","11":"product_tag-evo","12":"product_tag-gepaecktraeger","13":"product_tag-heck","14":"product_tag-original-h-d","15":"product_tag-touring","17":"first","18":"instock","19":"purchasable","20":"product-type-simple"},"jetpack_sharing_enabled":true,"_links":{"self":[{"href":"https:\/\/mc-genuineparts.de\/index.php?rest_route=\/wp\/v2\/product\/6486","targetHints":{"allow":["GET"]}}],"collection":[{"href":"https:\/\/mc-genuineparts.de\/index.php?rest_route=\/wp\/v2\/product"}],"about":[{"href":"https:\/\/mc-genuineparts.de\/index.php?rest_route=\/wp\/v2\/types\/product"}],"wp:featuredmedia":[{"embeddable":true,"href":"https:\/\/mc-genuineparts.de\/index.php?rest_route=\/wp\/v2\/media\/61312"}],"wp:attachment":[{"href":"https:\/\/mc-genuineparts.de\/index.php?rest_route=%2Fwp%2Fv2%2Fmedia&parent=6486"}],"wp:term":[{"taxonomy":"product_brand","embeddable":true,"href":"https:\/\/mc-genuineparts.de\/index.php?rest_route=%2Fwp%2Fv2%2Fproduct_brand&post=6486"},{"taxonomy":"product_cat","embeddable":true,"href":"https:\/\/mc-genuineparts.de\/index.php?rest_route=%2Fwp%2Fv2%2Fproduct_cat&post=6486"},{"taxonomy":"product_tag","embeddable":true,"href":"https:\/\/mc-genuineparts.de\/index.php?rest_route=%2Fwp%2Fv2%2Fproduct_tag&post=6486"}],"curies":[{"name":"wp","href":"https:\/\/api.w.org\/{rel}","templated":true}]}}