{"id":6489,"date":"2022-01-13T10:57:20","date_gmt":"2022-01-13T09:57:20","guid":{"rendered":"https:\/\/mc-genuineparts.de\/?post_type=product&#038;p=6489"},"modified":"2024-03-04T12:24:47","modified_gmt":"2024-03-04T11:24:47","slug":"harley-motorrad-ueberwurfgarage","status":"publish","type":"product","link":"https:\/\/mc-genuineparts.de\/?product=harley-motorrad-ueberwurfgarage","title":{"rendered":"Motorrad \u00dcberwurfgarage f\u00fcr Harley"},"content":{"rendered":"<p>Motorrad \u00dcberwurfgarage f\u00fcr Harley <\/p>\n<p>Diese Harley \u00dcberwurfgarage aus Nylon ist auf einer Heritage abgebildet um die ungef\u00e4hre Gr\u00f6\u00dfe darzustellen.<\/p>\n<p>Der \u00dcberwurf kann mit einem Gurt befestigt werden. Der Zustand ist gebraucht, aber noch ok. ( Siehe Fotos )<\/p>\n","protected":false},"excerpt":{"rendered":"<p>Motorrad \u00dcberwurfgarage f\u00fcr Harley <\/p>\n","protected":false},"featured_media":61449,"template":"","meta":[],"product_brand":[],"product_cat":[936,902,910,905],"product_tag":[58,65,123,78,83],"class_list":{"0":"post-6489","1":"product","2":"type-product","3":"status-publish","6":"product_cat-custom-teile-fuer-harley","7":"product_cat-h-d-dyna","8":"product_cat-h-d-softail","9":"product_cat-h-d-sportster","10":"product_tag-dyna","11":"product_tag-harley","12":"product_tag-heritage","13":"product_tag-softail","14":"product_tag-sportster","16":"first","17":"instock","18":"purchasable","19":"product-type-simple"},"jetpack_sharing_enabled":true,"_links":{"self":[{"href":"https:\/\/mc-genuineparts.de\/index.php?rest_route=\/wp\/v2\/product\/6489","targetHints":{"allow":["GET"]}}],"collection":[{"href":"https:\/\/mc-genuineparts.de\/index.php?rest_route=\/wp\/v2\/product"}],"about":[{"href":"https:\/\/mc-genuineparts.de\/index.php?rest_route=\/wp\/v2\/types\/product"}],"wp:featuredmedia":[{"embeddable":true,"href":"https:\/\/mc-genuineparts.de\/index.php?rest_route=\/wp\/v2\/media\/61449"}],"wp:attachment":[{"href":"https:\/\/mc-genuineparts.de\/index.php?rest_route=%2Fwp%2Fv2%2Fmedia&parent=6489"}],"wp:term":[{"taxonomy":"product_brand","embeddable":true,"href":"https:\/\/mc-genuineparts.de\/index.php?rest_route=%2Fwp%2Fv2%2Fproduct_brand&post=6489"},{"taxonomy":"product_cat","embeddable":true,"href":"https:\/\/mc-genuineparts.de\/index.php?rest_route=%2Fwp%2Fv2%2Fproduct_cat&post=6489"},{"taxonomy":"product_tag","embeddable":true,"href":"https:\/\/mc-genuineparts.de\/index.php?rest_route=%2Fwp%2Fv2%2Fproduct_tag&post=6489"}],"curies":[{"name":"wp","href":"https:\/\/api.w.org\/{rel}","templated":true}]}}