{"id":6490,"date":"2022-01-13T10:57:20","date_gmt":"2022-01-13T09:57:20","guid":{"rendered":"https:\/\/mc-genuineparts.de\/?post_type=product&#038;p=6490"},"modified":"2024-03-04T12:26:17","modified_gmt":"2024-03-04T11:26:17","slug":"harley-motorrad-ueberwurfgarage-2","status":"publish","type":"product","link":"https:\/\/mc-genuineparts.de\/?product=harley-motorrad-ueberwurfgarage-2","title":{"rendered":"Motorrad \u00dcberwurfgarage f\u00fcr Harley"},"content":{"rendered":"<p>Motorrad \u00dcberwurfgarage f\u00fcr Harley <\/p>\n<p>Diese Motorrad \u00dcberwurfgarage ist auf einer Heritage abgebildet um eine ungef\u00e4hre Vorstellung von der Gr\u00f6\u00dfe zu haben. Der \u00dcberwurf ist gebraucht und sch\u00fctzt leider nicht mehr vor N\u00e4sse, weil kleine L\u00f6cher vorhanden sind, aber zum Schutz gegen Staub und Dreck kann man die Garage noch verwenden. F\u00fcr die Befestigung sind verst\u00e4rkte \u00d6sen vorhanden. ( Siehe Fotos )<\/p>\n","protected":false},"excerpt":{"rendered":"<p>Motorrad \u00dcberwurfgarage f\u00fcr Harley <\/p>\n","protected":false},"featured_media":33815,"template":"","meta":[],"product_brand":[],"product_cat":[936,902,910,905,899],"product_tag":[58,65,78,83,69],"class_list":{"0":"post-6490","1":"product","2":"type-product","3":"status-publish","6":"product_cat-custom-teile-fuer-harley","7":"product_cat-h-d-dyna","8":"product_cat-h-d-softail","9":"product_cat-h-d-sportster","10":"product_cat-h-d-touring","11":"product_tag-dyna","12":"product_tag-harley","13":"product_tag-softail","14":"product_tag-sportster","15":"product_tag-touring","17":"first","18":"instock","19":"purchasable","20":"product-type-simple"},"jetpack_sharing_enabled":true,"_links":{"self":[{"href":"https:\/\/mc-genuineparts.de\/index.php?rest_route=\/wp\/v2\/product\/6490","targetHints":{"allow":["GET"]}}],"collection":[{"href":"https:\/\/mc-genuineparts.de\/index.php?rest_route=\/wp\/v2\/product"}],"about":[{"href":"https:\/\/mc-genuineparts.de\/index.php?rest_route=\/wp\/v2\/types\/product"}],"wp:featuredmedia":[{"embeddable":true,"href":"https:\/\/mc-genuineparts.de\/index.php?rest_route=\/wp\/v2\/media\/33815"}],"wp:attachment":[{"href":"https:\/\/mc-genuineparts.de\/index.php?rest_route=%2Fwp%2Fv2%2Fmedia&parent=6490"}],"wp:term":[{"taxonomy":"product_brand","embeddable":true,"href":"https:\/\/mc-genuineparts.de\/index.php?rest_route=%2Fwp%2Fv2%2Fproduct_brand&post=6490"},{"taxonomy":"product_cat","embeddable":true,"href":"https:\/\/mc-genuineparts.de\/index.php?rest_route=%2Fwp%2Fv2%2Fproduct_cat&post=6490"},{"taxonomy":"product_tag","embeddable":true,"href":"https:\/\/mc-genuineparts.de\/index.php?rest_route=%2Fwp%2Fv2%2Fproduct_tag&post=6490"}],"curies":[{"name":"wp","href":"https:\/\/api.w.org\/{rel}","templated":true}]}}