{"id":6493,"date":"2022-01-13T10:57:20","date_gmt":"2022-01-13T09:57:20","guid":{"rendered":"https:\/\/mc-genuineparts.de\/?post_type=product&#038;p=6493"},"modified":"2024-02-08T09:56:48","modified_gmt":"2024-02-08T08:56:48","slug":"harley-softail-seitl-kennzeichenhalter-us-groesse-aufnahme-1","status":"publish","type":"product","link":"https:\/\/mc-genuineparts.de\/?product=harley-softail-seitl-kennzeichenhalter-us-groesse-aufnahme-1","title":{"rendered":"Kennzeichenhalter seitl. f\u00fcr Harley Softail US-Gr\u00f6\u00dfe Aufnahme 1&#8243;"},"content":{"rendered":"<p>Kennzeichenhalter seitl. f\u00fcr Harley Softail US-Gr\u00f6\u00dfe Aufnahme 1&#8243;<\/p>\n<p>Seitl. Kennzeichenhalter f\u00fcr US-Kennzeichen.<br \/>\nDie Aufnahme f\u00fcr die Achse ist 1&#8243;<br \/>\nDer Kennzeichenhalter ist gebraucht aber noch gut.<\/p>\n","protected":false},"excerpt":{"rendered":"<p>Kennzeichenhalter seitl. f\u00fcr Harley Softail US-Gr\u00f6\u00dfe Aufnahme 1&#8243;<\/p>\n","protected":false},"featured_media":33805,"template":"","meta":[],"product_brand":[],"product_cat":[4642,936,910,905,899,946],"product_tag":[58,122,65,4064,78],"class_list":{"0":"post-6493","1":"product","2":"type-product","3":"status-publish","6":"product_cat-mc-genuineparts","7":"product_cat-custom-teile-fuer-harley","8":"product_cat-h-d-softail","9":"product_cat-h-d-sportster","10":"product_cat-h-d-touring","11":"product_cat-rahmen-und-zubehoer-softail-evo-1986-1999","12":"product_tag-dyna","13":"product_tag-fat-boy","14":"product_tag-harley","15":"product_tag-kennzeichenhalter","16":"product_tag-softail","18":"first","19":"instock","20":"purchasable","21":"product-type-simple"},"jetpack_sharing_enabled":true,"_links":{"self":[{"href":"https:\/\/mc-genuineparts.de\/index.php?rest_route=\/wp\/v2\/product\/6493","targetHints":{"allow":["GET"]}}],"collection":[{"href":"https:\/\/mc-genuineparts.de\/index.php?rest_route=\/wp\/v2\/product"}],"about":[{"href":"https:\/\/mc-genuineparts.de\/index.php?rest_route=\/wp\/v2\/types\/product"}],"wp:featuredmedia":[{"embeddable":true,"href":"https:\/\/mc-genuineparts.de\/index.php?rest_route=\/wp\/v2\/media\/33805"}],"wp:attachment":[{"href":"https:\/\/mc-genuineparts.de\/index.php?rest_route=%2Fwp%2Fv2%2Fmedia&parent=6493"}],"wp:term":[{"taxonomy":"product_brand","embeddable":true,"href":"https:\/\/mc-genuineparts.de\/index.php?rest_route=%2Fwp%2Fv2%2Fproduct_brand&post=6493"},{"taxonomy":"product_cat","embeddable":true,"href":"https:\/\/mc-genuineparts.de\/index.php?rest_route=%2Fwp%2Fv2%2Fproduct_cat&post=6493"},{"taxonomy":"product_tag","embeddable":true,"href":"https:\/\/mc-genuineparts.de\/index.php?rest_route=%2Fwp%2Fv2%2Fproduct_tag&post=6493"}],"curies":[{"name":"wp","href":"https:\/\/api.w.org\/{rel}","templated":true}]}}