{"id":6515,"date":"2022-01-13T10:57:30","date_gmt":"2022-01-13T09:57:30","guid":{"rendered":"https:\/\/mc-genuineparts.de\/?post_type=product&#038;p=6515"},"modified":"2026-04-13T09:33:59","modified_gmt":"2026-04-13T07:33:59","slug":"harley-touring-electra-satteltasche-hinter-bremslicht-blinker-modul-69200779a","status":"publish","type":"product","link":"https:\/\/mc-genuineparts.de\/?product=harley-touring-electra-satteltasche-hinter-bremslicht-blinker-modul-69200779a","title":{"rendered":"Harley Touring Electra Bremslicht Blinker Modul Hinten &#8211; 69200779A"},"content":{"rendered":"<p>Harley Touring Electra Bremslicht Blinker Modul Hinten &#8211; 69200779A<\/p>\n<p>F\u00fcr die folgenden Modelle: FLHT<\/p>\n<p>Vergewissern Sie sich, dass das Modul auch zu ihrem Motorrad passt.<br \/>\nFalls sie noch Fragen haben schreiben sie uns gerne eine E-Mail.<\/p>\n<p>Wir haben auch viele andere Harley-Davidson Motorrad Teile.<\/p>\n<p>Durchst\u00f6bern sie gerne unseren Shop, vielleicht finden sie ja da etwas Sch\u00f6nes f\u00fcr ihr Motorrad.<\/p>\n","protected":false},"excerpt":{"rendered":"<p>Harley Touring Electra Bremslicht Blinker Modul Hinten &#8211; 69200779A<\/p>\n","protected":false},"featured_media":2776,"template":"","meta":[],"product_brand":[9373],"product_cat":[929,899,900],"product_tag":[70,182,66,69],"class_list":{"0":"post-6515","1":"product","2":"type-product","3":"status-publish","6":"product_brand-harley-davidson","7":"product_cat-beleuchtung","8":"product_cat-h-d-touring","9":"product_cat-h-d-touring-ab-2009","10":"product_tag-e-glide","11":"product_tag-modul","12":"product_tag-original-h-d","13":"product_tag-touring","15":"first","16":"instock","17":"purchasable","18":"product-type-simple"},"jetpack_sharing_enabled":true,"_links":{"self":[{"href":"https:\/\/mc-genuineparts.de\/index.php?rest_route=\/wp\/v2\/product\/6515","targetHints":{"allow":["GET"]}}],"collection":[{"href":"https:\/\/mc-genuineparts.de\/index.php?rest_route=\/wp\/v2\/product"}],"about":[{"href":"https:\/\/mc-genuineparts.de\/index.php?rest_route=\/wp\/v2\/types\/product"}],"wp:featuredmedia":[{"embeddable":true,"href":"https:\/\/mc-genuineparts.de\/index.php?rest_route=\/wp\/v2\/media\/2776"}],"wp:attachment":[{"href":"https:\/\/mc-genuineparts.de\/index.php?rest_route=%2Fwp%2Fv2%2Fmedia&parent=6515"}],"wp:term":[{"taxonomy":"product_brand","embeddable":true,"href":"https:\/\/mc-genuineparts.de\/index.php?rest_route=%2Fwp%2Fv2%2Fproduct_brand&post=6515"},{"taxonomy":"product_cat","embeddable":true,"href":"https:\/\/mc-genuineparts.de\/index.php?rest_route=%2Fwp%2Fv2%2Fproduct_cat&post=6515"},{"taxonomy":"product_tag","embeddable":true,"href":"https:\/\/mc-genuineparts.de\/index.php?rest_route=%2Fwp%2Fv2%2Fproduct_tag&post=6515"}],"curies":[{"name":"wp","href":"https:\/\/api.w.org\/{rel}","templated":true}]}}